{"id":4225,"date":"2024-07-17T09:49:16","date_gmt":"2024-07-17T07:49:16","guid":{"rendered":"https:\/\/ppbhc.com\/?post_type=product&#038;p=4225"},"modified":"2025-11-14T12:25:08","modified_gmt":"2025-11-14T11:25:08","slug":"konsultacja","status":"publish","type":"product","link":"https:\/\/ppbhc.com\/es\/producto\/konsultacja\/","title":{"rendered":"Consulta"},"content":{"rendered":"","protected":false},"excerpt":{"rendered":"<div dir=\"ltr\">\n<div dir=\"ltr\">\n<div>La consulta inicial incluye una evaluaci\u00f3n de su salud y posibles necesidades deportivas, teniendo en cuenta una entrevista sobre su estilo de vida, objetivos y posibles problemas de salud.<\/div>\n<div>Como parte de este servicio ofrezco:<br \/>\n- Un profundo conocimiento de sus necesidades sanitarias y deportivas individuales para garantizar el enfoque m\u00e1s personalizado posible.<br \/>\n- Sugerencias de medidas adicionales para ayudar a preparar un servicio de atenci\u00f3n completo e integral (que incluya, entre otras cosas, la elaboraci\u00f3n de una dieta individualizada, un plan de entrenamiento y, si es necesario, consultas endocrinol\u00f3gicas).<br \/>\n- indicar las pruebas diagn\u00f3sticas necesarias que ayudar\u00e1n a investigar a fondo el problema y determinar el tratamiento posterior.Todas estas medidas est\u00e1n encaminadas a mejorar su salud y, posiblemente, alcanzar sus objetivos deportivos de forma segura y eficaz.<\/div>\n<\/div>\n<\/div>","protected":false},"featured_media":4226,"comment_status":"open","ping_status":"closed","template":"","meta":{"_kad_post_transparent":"default","_kad_post_title":"","_kad_post_layout":"default","_kad_post_sidebar_id":"","_kad_post_content_style":"default","_kad_post_vertical_padding":"default","_kad_post_feature":"","_kad_post_feature_position":"","_kad_post_header":false,"_kad_post_footer":false,"_kad_post_classname":""},"product_brand":[],"product_cat":[24],"product_tag":[],"class_list":{"0":"post-4225","1":"product","2":"type-product","3":"status-publish","4":"has-post-thumbnail","6":"product_cat-usluga","8":"first","9":"instock","10":"virtual","11":"taxable","12":"purchasable","13":"product-type-simple","14":"entry","15":"content-bg","16":"loop-entry"},"jetpack_sharing_enabled":true,"_links":{"self":[{"href":"https:\/\/ppbhc.com\/es\/wp-json\/wp\/v2\/product\/4225","targetHints":{"allow":["GET"]}}],"collection":[{"href":"https:\/\/ppbhc.com\/es\/wp-json\/wp\/v2\/product"}],"about":[{"href":"https:\/\/ppbhc.com\/es\/wp-json\/wp\/v2\/types\/product"}],"replies":[{"embeddable":true,"href":"https:\/\/ppbhc.com\/es\/wp-json\/wp\/v2\/comments?post=4225"}],"wp:featuredmedia":[{"embeddable":true,"href":"https:\/\/ppbhc.com\/es\/wp-json\/wp\/v2\/media\/4226"}],"wp:attachment":[{"href":"https:\/\/ppbhc.com\/es\/wp-json\/wp\/v2\/media?parent=4225"}],"wp:term":[{"taxonomy":"product_brand","embeddable":true,"href":"https:\/\/ppbhc.com\/es\/wp-json\/wp\/v2\/product_brand?post=4225"},{"taxonomy":"product_cat","embeddable":true,"href":"https:\/\/ppbhc.com\/es\/wp-json\/wp\/v2\/product_cat?post=4225"},{"taxonomy":"product_tag","embeddable":true,"href":"https:\/\/ppbhc.com\/es\/wp-json\/wp\/v2\/product_tag?post=4225"}],"curies":[{"name":"wp","href":"https:\/\/api.w.org\/{rel}","templated":true}]}}