{"id":3111,"date":"2023-10-18T11:29:31","date_gmt":"2023-10-18T09:29:31","guid":{"rendered":"https:\/\/ppbhc.com\/?post_type=product&#038;p=3111"},"modified":"2023-10-24T13:09:17","modified_gmt":"2023-10-24T11:09:17","slug":"pakiet-plodnosc","status":"publish","type":"product","link":"https:\/\/ppbhc.com\/es\/producto\/pakiet-plodnosc\/","title":{"rendered":"PAQUETE: Fertilidad"},"content":{"rendered":"<p>Por este motivo, le ofrezco mis servicios de consultor\u00eda en endocrinolog\u00eda reproductiva, avalados por muchos a\u00f1os de experiencia, ayud\u00e1ndole a comprender los factores que contribuyen a la infertilidad, as\u00ed como a entender los resultados de las pruebas bioqu\u00edmicas, hormonales o de otro tipo y a superar cualquier problema de forma sensata y consciente.<br \/>\nCon conocimientos y experiencia, mis consultas son un paso valioso en la b\u00fasqueda de una soluci\u00f3n por parte de especialistas en la materia, as\u00ed como una elecci\u00f3n informada de la mejor.<br \/>\nRecuerde que una consulta no es una cura, pero puede simplificar en gran medida desde su \/ su punto de vista de la tensi\u00f3n asociada a este dram\u00e1tico problema.<br \/>\nTodo es dif\u00edcil al principio antes de volverse f\u00e1cil.<br \/>\n<strong>Compru\u00e9belo usted mismo llam\u00e1ndome o coment\u00e1ndome su problema por correo electr\u00f3nico.<\/strong><\/p>\n<h6><span style=\"color: #a12520;\"><strong>Tel\u00e9fono de contacto: 534 294 733<\/strong><\/span><br \/>\n<span style=\"color: #a12520;\"><strong>Correo electr\u00f3nico de contacto: plodnosc@ppbhc.com<\/strong><\/span><\/h6>","protected":false},"excerpt":{"rendered":"<p>S\u00f3lo quienes han sobrevivido al devastador primer diagn\u00f3stico de no poder tener descendencia -el Tesoro m\u00e1s preciado de nuestro ser- son capaces de comprender la situaci\u00f3n en la que se encuentran los afectados.<br \/>\nAdem\u00e1s, estas personas, perdidas en un laberinto de incomprensibles<br \/>\nt\u00e9rminos m\u00e9dicos, temblando ante cada misterioso resultado de los an\u00e1lisis m\u00e9dicos, acurrucados con una chispa menguante de esperanza moribunda de... Tesoro.<br \/>\n<strong>Nunca te rindas: \u00a1siempre hay una salida!<\/strong><\/p>\n<h6><span style=\"color: #a12520;\"><strong>Tel\u00e9fono de contacto: 534 294 733<\/strong><\/span><br \/>\n<span style=\"color: #a12520;\"><strong>Correo electr\u00f3nico de contacto: plodnosc@ppbhc.com<\/strong><\/span><\/h6>","protected":false},"featured_media":3112,"comment_status":"open","ping_status":"closed","template":"","meta":{"_kad_post_transparent":"default","_kad_post_title":"","_kad_post_layout":"default","_kad_post_sidebar_id":"","_kad_post_content_style":"default","_kad_post_vertical_padding":"default","_kad_post_feature":"","_kad_post_feature_position":"","_kad_post_header":false,"_kad_post_footer":false,"_kad_post_classname":""},"product_brand":[],"product_cat":[24],"product_tag":[],"class_list":{"0":"post-3111","1":"product","2":"type-product","3":"status-publish","4":"has-post-thumbnail","6":"product_cat-usluga","8":"first","9":"instock","10":"taxable","11":"shipping-taxable","12":"product-type-simple","13":"entry","14":"content-bg","15":"loop-entry"},"jetpack_sharing_enabled":true,"_links":{"self":[{"href":"https:\/\/ppbhc.com\/es\/wp-json\/wp\/v2\/product\/3111","targetHints":{"allow":["GET"]}}],"collection":[{"href":"https:\/\/ppbhc.com\/es\/wp-json\/wp\/v2\/product"}],"about":[{"href":"https:\/\/ppbhc.com\/es\/wp-json\/wp\/v2\/types\/product"}],"replies":[{"embeddable":true,"href":"https:\/\/ppbhc.com\/es\/wp-json\/wp\/v2\/comments?post=3111"}],"wp:featuredmedia":[{"embeddable":true,"href":"https:\/\/ppbhc.com\/es\/wp-json\/wp\/v2\/media\/3112"}],"wp:attachment":[{"href":"https:\/\/ppbhc.com\/es\/wp-json\/wp\/v2\/media?parent=3111"}],"wp:term":[{"taxonomy":"product_brand","embeddable":true,"href":"https:\/\/ppbhc.com\/es\/wp-json\/wp\/v2\/product_brand?post=3111"},{"taxonomy":"product_cat","embeddable":true,"href":"https:\/\/ppbhc.com\/es\/wp-json\/wp\/v2\/product_cat?post=3111"},{"taxonomy":"product_tag","embeddable":true,"href":"https:\/\/ppbhc.com\/es\/wp-json\/wp\/v2\/product_tag?post=3111"}],"curies":[{"name":"wp","href":"https:\/\/api.w.org\/{rel}","templated":true}]}}