{"id":1554,"date":"2023-05-08T19:00:40","date_gmt":"2023-05-08T17:00:40","guid":{"rendered":"https:\/\/ppbhc.com\/?post_type=product&#038;p=1554"},"modified":"2025-09-03T17:11:52","modified_gmt":"2025-09-03T15:11:52","slug":"steel-durance","status":"publish","type":"product","link":"https:\/\/ppbhc.com\/es\/producto\/steel-durance\/","title":{"rendered":"DURACI\u00d3N DEL ACERO"},"content":{"rendered":"<p><strong>DURACI\u00d3N DEL ACERO<\/strong> Suplemento diet\u00e9tico en forma l\u00edquida. Contiene edulcorantes.<br \/>\nUna f\u00f3rmula que combina los amino\u00e1cidos arginina y citrulina, enriquecida con extracto de hoja de salvia y espinacas rojas.<\/p>\n<p>El producto est\u00e1 destinado a adultos f\u00edsicamente activos, en particular los que practican deportes de resistencia.<\/p>\n<h6><span style=\"color: #000000;\">Ventajas del producto:<\/span><\/h6>\n<ul>\n<li style=\"font-weight: 400;\" aria-level=\"1\"><span style=\"font-weight: 400;\">Adecuado tanto para el entrenamiento de fuerza como de resistencia.<\/span><\/li>\n<li style=\"font-weight: 400;\" aria-level=\"1\"><span style=\"font-weight: 400;\">Un entrenamiento eficaz sin cafe\u00edna, sin efecto de irritaci\u00f3n o estimulaci\u00f3n excesiva.<\/span><\/li>\n<li style=\"font-weight: 400;\" aria-level=\"1\"><span style=\"font-weight: 400;\">Incluso puede consumirse antes de las sesiones de entrenamiento vespertinas.<\/span><\/li>\n<li style=\"font-weight: 400;\" aria-level=\"1\"><span style=\"font-weight: 400;\">Contiene antioxidantes que combaten los radicales libres e inhiben los procesos de oxidaci\u00f3n, contribuyendo as\u00ed a mantener la salud y el bienestar (salvia).<\/span><\/li>\n<\/ul>\n<h6><span style=\"color: #000000;\">Dedicado a particulares:<\/span><\/h6>\n<ul>\n<li>f\u00edsicamente activo, con el fin de aumentar el rendimiento durante el entrenamiento\/trabajo,<\/li>\n<li>trabajar mentalmente o aprender, para maximizar el rendimiento mediante ingredientes que estimulan la funci\u00f3n cognitiva,<\/li>\n<li>quienes realizan actividades durante largos periodos de tiempo para reducir la fatiga y el cansancio, por ejemplo, los conductores en viajes largos en coche.<\/li>\n<\/ul>\n<p><strong>Ingredientes:<\/strong>\u00a0Agua, kombucha (t\u00e9 fermentado - agua, t\u00e9 negro, az\u00facar, cultivos de kombucha), L-arginina, extracto de hoja de espinaca roja (<em>Amaranthus dubius<\/em> L.), L-citrulina, regulador de la acidez \u00e1cido c\u00edtrico; zumo de manzana procedente de zumo de manzana concentrado 20%, extracto de hoja de salvia (<em>Salvia officinalis<\/em> L.), edulcorantes - acesulfamo K, sucralosa; aromas.<\/p>\n<table>\n<tbody>\n<tr>\n<th style=\"text-align: left;\">Informaci\u00f3n nutricional<\/th>\n<th style=\"text-align: left;\">Porci\u00f3n diaria = 30 ml (\u00bd chupito)<\/th>\n<\/tr>\n<tr>\n<td>Extracto de espinacas rojas<\/td>\n<td>2000 mg<\/td>\n<\/tr>\n<tr>\n<td>L-arginina<\/td>\n<td>2000 mg<\/td>\n<\/tr>\n<tr>\n<td>L-citrulina<\/td>\n<td>1500 mg<\/td>\n<\/tr>\n<tr>\n<td>Extracto de salvia<\/td>\n<td>400 mg<\/td>\n<\/tr>\n<\/tbody>\n<\/table>\n<p><strong>Porci\u00f3n diaria recomendada<\/strong>Tomar 30 ml (2 x 15 ml) una vez al d\u00eda, aproximadamente 30-60 minutos antes de la actividad f\u00edsica. Agitar varias veces antes de usar. Una vez abierto, conservar en el frigor\u00edfico y consumir en 48h. Los sedimentos y cristalizaciones que puedan producirse son fen\u00f3menos naturales y no afectan a la calidad del producto. No superar la dosis diaria recomendada. El complemento alimenticio no debe utilizarse como sustituto de una dieta variada. Se recomienda una dieta equilibrada y un estilo de vida saludable. Mantener fuera del alcance de los ni\u00f1os peque\u00f1os.<\/p>\n<p><strong>Atenci\u00f3n<\/strong>: Producto no recomendado en caso de hipotensi\u00f3n. No utilizar en combinaci\u00f3n con medicamentos especiales para la hipertensi\u00f3n. No recomendado en caso de embarazo, lactancia o hipersensibilidad a alguno de los ingredientes del producto.<\/p>\n<p><strong>Almacenamiento:<\/strong> a temperatura ambiente, lejos de fuentes directas de calor.<\/p>\n<p>&nbsp;<\/p>","protected":false},"excerpt":{"rendered":"<p>DURANCIA DEL ACERO Suplemento diet\u00e9tico l\u00edquido. Contiene edulcorantes. F\u00f3rmula que combina los amino\u00e1cidos arginina y citrulina, enriquecida con extracto de hojas de salvia y espinacas rojas. El producto est\u00e1 destinado a adultos f\u00edsicamente activos, especialmente a los que practican deportes de resistencia. Ventajas del producto: Adecuado tanto para el entrenamiento de fuerza como de resistencia Entrenamiento eficaz sin adici\u00f3n de cafe\u00edna...<\/p>","protected":false},"featured_media":4626,"comment_status":"open","ping_status":"closed","template":"","meta":{"_kad_post_transparent":"default","_kad_post_title":"","_kad_post_layout":"default","_kad_post_sidebar_id":"","_kad_post_content_style":"default","_kad_post_vertical_padding":"default","_kad_post_feature":"","_kad_post_feature_position":"","_kad_post_header":false,"_kad_post_footer":false,"_kad_post_classname":""},"product_brand":[],"product_cat":[23],"product_tag":[26],"class_list":{"0":"post-1554","1":"product","2":"type-product","3":"status-publish","4":"has-post-thumbnail","6":"product_cat-produkt","7":"product_tag-sd","9":"first","10":"instock","11":"taxable","12":"shipping-taxable","13":"product-type-grouped","14":"entry","15":"content-bg","16":"loop-entry"},"jetpack_sharing_enabled":true,"_links":{"self":[{"href":"https:\/\/ppbhc.com\/es\/wp-json\/wp\/v2\/product\/1554","targetHints":{"allow":["GET"]}}],"collection":[{"href":"https:\/\/ppbhc.com\/es\/wp-json\/wp\/v2\/product"}],"about":[{"href":"https:\/\/ppbhc.com\/es\/wp-json\/wp\/v2\/types\/product"}],"replies":[{"embeddable":true,"href":"https:\/\/ppbhc.com\/es\/wp-json\/wp\/v2\/comments?post=1554"}],"wp:featuredmedia":[{"embeddable":true,"href":"https:\/\/ppbhc.com\/es\/wp-json\/wp\/v2\/media\/4626"}],"wp:attachment":[{"href":"https:\/\/ppbhc.com\/es\/wp-json\/wp\/v2\/media?parent=1554"}],"wp:term":[{"taxonomy":"product_brand","embeddable":true,"href":"https:\/\/ppbhc.com\/es\/wp-json\/wp\/v2\/product_brand?post=1554"},{"taxonomy":"product_cat","embeddable":true,"href":"https:\/\/ppbhc.com\/es\/wp-json\/wp\/v2\/product_cat?post=1554"},{"taxonomy":"product_tag","embeddable":true,"href":"https:\/\/ppbhc.com\/es\/wp-json\/wp\/v2\/product_tag?post=1554"}],"curies":[{"name":"wp","href":"https:\/\/api.w.org\/{rel}","templated":true}]}}