{"id":1087,"date":"2023-04-21T15:10:53","date_gmt":"2023-04-21T13:10:53","guid":{"rendered":"http:\/\/wordpress2302135.home.pl\/ppbhc-robocza\/?post_type=product&#038;p=1087"},"modified":"2023-10-24T12:21:05","modified_gmt":"2023-10-24T10:21:05","slug":"szkolenia-z-zakresu-life-science","status":"publish","type":"product","link":"https:\/\/ppbhc.com\/es\/producto\/szkolenia-z-zakresu-life-science\/","title":{"rendered":"Formaci\u00f3n en ciencias de la vida"},"content":{"rendered":"","protected":false},"excerpt":{"rendered":"<p>Formaci\u00f3n in situ, formaci\u00f3n en l\u00ednea, seminarios web, conferencias (incluidas las internacionales), simposios, sobre el terreno:<br \/>\n- diet\u00e9tica deportiva<br \/>\n- diet\u00e9tica cl\u00ednica<br \/>\n- Fisiolog\u00eda del esfuerzo deportivo,<br \/>\n- Endocrinolog\u00eda del ejercicio deportivo,<br \/>\n- suplementaci\u00f3n de personas f\u00edsicamente activas<br \/>\n- suplementaci\u00f3n de personas sanas y enfermas<\/p>\n<div>\n<p><strong>Tel\u00e9fono de contacto: 534 294 733<\/strong><br \/>\n<strong>Correo electr\u00f3nico de contacto: sekretariat@ppbhc.com<\/strong><\/p>\n<\/div>","protected":false},"featured_media":987,"comment_status":"open","ping_status":"closed","template":"","meta":{"_kad_post_transparent":"default","_kad_post_title":"","_kad_post_layout":"default","_kad_post_sidebar_id":"","_kad_post_content_style":"default","_kad_post_vertical_padding":"default","_kad_post_feature":"","_kad_post_feature_position":"","_kad_post_header":false,"_kad_post_footer":false,"_kad_post_classname":""},"product_brand":[],"product_cat":[24],"product_tag":[],"class_list":{"0":"post-1087","1":"product","2":"type-product","3":"status-publish","4":"has-post-thumbnail","6":"product_cat-usluga","8":"first","9":"instock","10":"taxable","11":"shipping-taxable","12":"product-type-simple","13":"entry","14":"content-bg","15":"loop-entry"},"jetpack_sharing_enabled":true,"_links":{"self":[{"href":"https:\/\/ppbhc.com\/es\/wp-json\/wp\/v2\/product\/1087","targetHints":{"allow":["GET"]}}],"collection":[{"href":"https:\/\/ppbhc.com\/es\/wp-json\/wp\/v2\/product"}],"about":[{"href":"https:\/\/ppbhc.com\/es\/wp-json\/wp\/v2\/types\/product"}],"replies":[{"embeddable":true,"href":"https:\/\/ppbhc.com\/es\/wp-json\/wp\/v2\/comments?post=1087"}],"wp:featuredmedia":[{"embeddable":true,"href":"https:\/\/ppbhc.com\/es\/wp-json\/wp\/v2\/media\/987"}],"wp:attachment":[{"href":"https:\/\/ppbhc.com\/es\/wp-json\/wp\/v2\/media?parent=1087"}],"wp:term":[{"taxonomy":"product_brand","embeddable":true,"href":"https:\/\/ppbhc.com\/es\/wp-json\/wp\/v2\/product_brand?post=1087"},{"taxonomy":"product_cat","embeddable":true,"href":"https:\/\/ppbhc.com\/es\/wp-json\/wp\/v2\/product_cat?post=1087"},{"taxonomy":"product_tag","embeddable":true,"href":"https:\/\/ppbhc.com\/es\/wp-json\/wp\/v2\/product_tag?post=1087"}],"curies":[{"name":"wp","href":"https:\/\/api.w.org\/{rel}","templated":true}]}}