{"id":1079,"date":"2023-04-21T16:25:28","date_gmt":"2023-04-21T14:25:28","guid":{"rendered":"http:\/\/wordpress2302135.home.pl\/ppbhc-robocza\/?post_type=product&#038;p=1079"},"modified":"2024-07-19T08:23:33","modified_gmt":"2024-07-19T06:23:33","slug":"badania-i-rozwoj-nowych-produktow","status":"publish","type":"product","link":"https:\/\/ppbhc.com\/es\/producto\/badania-i-rozwoj-nowych-produktow\/","title":{"rendered":"Investigaci\u00f3n y desarrollo de nuevos productos"},"content":{"rendered":"","protected":false},"excerpt":{"rendered":"<p>Creaci\u00f3n de una nueva cartera de productos de categor\u00eda y actualizaci\u00f3n de la existente:<br \/>\n- suplementos diet\u00e9ticos,<br \/>\n- alimentos para fines m\u00e9dicos especiales,<br \/>\n- alimentos funcionales,<br \/>\n- productos sanitarios,<br \/>\n- medicamentos<\/p>","protected":false},"featured_media":1007,"comment_status":"open","ping_status":"closed","template":"","meta":{"_kad_post_transparent":"default","_kad_post_title":"","_kad_post_layout":"default","_kad_post_sidebar_id":"","_kad_post_content_style":"default","_kad_post_vertical_padding":"default","_kad_post_feature":"","_kad_post_feature_position":"","_kad_post_header":false,"_kad_post_footer":false,"_kad_post_classname":""},"product_brand":[],"product_cat":[24],"product_tag":[],"class_list":{"0":"post-1079","1":"product","2":"type-product","3":"status-publish","4":"has-post-thumbnail","6":"product_cat-usluga","8":"first","9":"instock","10":"taxable","11":"shipping-taxable","12":"product-type-external","13":"entry","14":"content-bg","15":"loop-entry"},"jetpack_sharing_enabled":true,"_links":{"self":[{"href":"https:\/\/ppbhc.com\/es\/wp-json\/wp\/v2\/product\/1079","targetHints":{"allow":["GET"]}}],"collection":[{"href":"https:\/\/ppbhc.com\/es\/wp-json\/wp\/v2\/product"}],"about":[{"href":"https:\/\/ppbhc.com\/es\/wp-json\/wp\/v2\/types\/product"}],"replies":[{"embeddable":true,"href":"https:\/\/ppbhc.com\/es\/wp-json\/wp\/v2\/comments?post=1079"}],"wp:featuredmedia":[{"embeddable":true,"href":"https:\/\/ppbhc.com\/es\/wp-json\/wp\/v2\/media\/1007"}],"wp:attachment":[{"href":"https:\/\/ppbhc.com\/es\/wp-json\/wp\/v2\/media?parent=1079"}],"wp:term":[{"taxonomy":"product_brand","embeddable":true,"href":"https:\/\/ppbhc.com\/es\/wp-json\/wp\/v2\/product_brand?post=1079"},{"taxonomy":"product_cat","embeddable":true,"href":"https:\/\/ppbhc.com\/es\/wp-json\/wp\/v2\/product_cat?post=1079"},{"taxonomy":"product_tag","embeddable":true,"href":"https:\/\/ppbhc.com\/es\/wp-json\/wp\/v2\/product_tag?post=1079"}],"curies":[{"name":"wp","href":"https:\/\/api.w.org\/{rel}","templated":true}]}}