{"id":1074,"date":"2023-04-21T17:01:10","date_gmt":"2023-04-21T15:01:10","guid":{"rendered":"http:\/\/wordpress2302135.home.pl\/ppbhc-robocza\/?post_type=product&#038;p=1074"},"modified":"2025-11-14T12:34:26","modified_gmt":"2025-11-14T11:34:26","slug":"pakiet-3-plan-dietetyczny-treningowy-oraz-endokrynologiczny","status":"publish","type":"product","link":"https:\/\/ppbhc.com\/es\/producto\/pakiet-3-plan-dietetyczny-treningowy-oraz-endokrynologiczny\/","title":{"rendered":"PAQUETE 3: Plan de dieta, entrenamiento y endocrinolog\u00eda"},"content":{"rendered":"<p><b>El plan diet\u00e9tico personalizado tiene en cuenta:<\/b><\/p>\n<ul>\n<li style=\"font-weight: 400;\" aria-level=\"1\"><span style=\"font-weight: 400;\">an\u00e1lisis de los resultados de las pruebas de laboratorio para preparar la aplicaci\u00f3n de los planes<\/span><\/li>\n<li style=\"font-weight: 400;\" aria-level=\"1\"><span style=\"font-weight: 400;\">an\u00e1lisis de la dieta diaria, los h\u00e1bitos alimentarios y el estilo de vida (por ejemplo, estr\u00e9s, sue\u00f1o) para identificar deficiencias y excesos en la ingesta de diversos nutrientes<\/span><\/li>\n<li style=\"font-weight: 400;\" aria-level=\"1\"><span style=\"font-weight: 400;\">adaptar la dieta a los gustos individuales y a las preferencias culturales, religiosas y \u00e9ticas, lo que aumenta las posibilidades de adherencia a largo plazo<\/span><\/li>\n<li style=\"font-weight: 400;\" aria-level=\"1\"><span style=\"font-weight: 400;\">determinaci\u00f3n precisa de las necesidades cal\u00f3ricas diarias y de las proporciones de prote\u00ednas, grasas e hidratos de carbono, adaptadas a las necesidades y objetivos metab\u00f3licos individuales<\/span><\/li>\n<li style=\"font-weight: 400;\" aria-level=\"1\"><span style=\"font-weight: 400;\">tener en cuenta los h\u00e1bitos diarios, el nivel de actividad f\u00edsica, el trabajo y la rutina diaria para que la dieta sea realista y f\u00e1cil de seguir<\/span><\/li>\n<li style=\"font-weight: 400;\" aria-level=\"1\"><span style=\"font-weight: 400;\">tiempo e intensidad de la actividad diaria<\/span><\/li>\n<li style=\"font-weight: 400;\" aria-level=\"1\"><span style=\"font-weight: 400;\">intervenci\u00f3n diet\u00e9tica los d\u00edas de entrenamiento, pero tambi\u00e9n los d\u00edas sin entrenamiento<\/span><\/li>\n<li style=\"font-weight: 400;\" aria-level=\"1\"><span style=\"font-weight: 400;\">sus intolerancias y alergias alimentarias, con el fin de evitar ingredientes que puedan provocar reacciones negativas, para que tenga una dieta segura y saludable\u00a0<\/span><\/li>\n<li style=\"font-weight: 400;\" aria-level=\"1\"><span style=\"font-weight: 400;\">adaptar la dieta a objetivos individuales como la p\u00e9rdida de peso, el aumento de la masa muscular, la mejora de los niveles de energ\u00eda, el apoyo a la salud del coraz\u00f3n, el control de la diabetes, las hormonas, la fertilidad, etc.<\/span><\/li>\n<li style=\"font-weight: 400;\" aria-level=\"1\"><span style=\"font-weight: 400;\">una ingesta adecuada de vitaminas, minerales, fibra y otros nutrientes esenciales para favorecer la salud general, el bienestar y, sobre todo, la facilidad para conseguirlo.\u00a0<\/span><\/li>\n<\/ul>\n<p><b>El plan de entrenamiento adaptado a ti tiene en cuenta:<\/b><\/p>\n<ul>\n<li style=\"font-weight: 400;\" aria-level=\"1\"><span style=\"font-weight: 400;\">Evaluaci\u00f3n f\u00edsica: realizar un an\u00e1lisis exhaustivo del estado f\u00edsico, incluida la evaluaci\u00f3n de la fuerza, la resistencia, la flexibilidad, la composici\u00f3n corporal y el estado cardiovascular.<\/span><\/li>\n<li style=\"font-weight: 400;\" aria-level=\"1\"><span style=\"font-weight: 400;\">Objetivos de entrenamiento: adapte el programa de entrenamiento a los objetivos individuales, como la p\u00e9rdida de peso, el aumento de la masa muscular, la mejora del rendimiento, la rehabilitaci\u00f3n tras una lesi\u00f3n, la mejora de la salud cardiaca, etc.<\/span><\/li>\n<li style=\"font-weight: 400;\" aria-level=\"1\"><span style=\"font-weight: 400;\">Su experiencia actual en formaci\u00f3n\u00a0<\/span><\/li>\n<li style=\"font-weight: 400;\" aria-level=\"1\"><span style=\"font-weight: 400;\">la demanda actual del organismo para la actividad f\u00edsica elegida<\/span><\/li>\n<li style=\"font-weight: 400;\" aria-level=\"1\"><span style=\"font-weight: 400;\">tiempo, intensidad y frecuencia de los deportes seleccionados y m\u00e1s<\/span><\/li>\n<li style=\"font-weight: 400;\" aria-level=\"1\"><span style=\"font-weight: 400;\">Lesiones y traumatismos actuales y pasados (\u00e9nfasis en su regeneraci\u00f3n eficaz para una r\u00e1pida recuperaci\u00f3n)\u00a0<\/span><\/li>\n<li style=\"font-weight: 400;\" aria-level=\"1\"><span style=\"font-weight: 400;\">Creaci\u00f3n de un plan de entrenamiento personalizado que tenga en cuenta las necesidades, preferencias y capacidades f\u00edsicas individuales.<\/span><\/li>\n<li style=\"font-weight: 400;\" aria-level=\"1\"><span style=\"font-weight: 400;\">el horario diario, el estilo de vida y la disponibilidad de tiempo para el entrenamiento a fin de que el programa sea realista y factible,\u00a0<\/span><\/li>\n<li style=\"font-weight: 400;\" aria-level=\"1\"><span style=\"font-weight: 400;\">Carga progresiva: aumento gradual de la carga de entrenamiento para estimular la adaptaci\u00f3n y la progresi\u00f3n f\u00edsica, teniendo en cuenta el ritmo de progresi\u00f3n individual,\u00a0\u00a0<\/span><\/li>\n<li style=\"font-weight: 400;\" aria-level=\"1\"><span style=\"font-weight: 400;\">introducir una variedad de ejercicios que impliquen diferentes grupos musculares y sistemas energ\u00e9ticos para evitar la monoton\u00eda y garantizar un desarrollo f\u00edsico integral,\u00a0<\/span><\/li>\n<li style=\"font-weight: 400;\" aria-level=\"1\"><span style=\"font-weight: 400;\">Seguimiento regular de los progresos y adaptaci\u00f3n del programa de entrenamiento en funci\u00f3n del rendimiento, los cambios en los objetivos, la condici\u00f3n f\u00edsica y la respuesta del organismo al entrenamiento.\u00a0<\/span><\/li>\n<li style=\"font-weight: 400;\" aria-level=\"1\"><span style=\"font-weight: 400;\">proporcionar apoyo motivacional y educativo para mantener el compromiso, la comprensi\u00f3n y la disciplina con el programa de formaci\u00f3n.<\/span><\/li>\n<\/ul>\n<p><b>Adaptada a sus necesidades, la suplementaci\u00f3n tiene en cuenta:<\/b><\/p>\n<ul>\n<li style=\"font-weight: 400;\" aria-level=\"1\"><span style=\"font-weight: 400;\">plan de suplementaci\u00f3n personalizado para los d\u00edas de entrenamiento y los d\u00edas de descanso<\/span><\/li>\n<li style=\"font-weight: 400;\" aria-level=\"1\"><span style=\"font-weight: 400;\">adaptar la suplementaci\u00f3n a los objetivos individuales, como mejorar el rendimiento f\u00edsico, reducir peso, reforzar la inmunidad, mejorar la salud de la piel, etc.<\/span><\/li>\n<li style=\"font-weight: 400;\" aria-level=\"1\"><span style=\"font-weight: 400;\">selecci\u00f3n de productos de alta calidad para un fin determinado de salud, bienestar, est\u00e9tica y fisiolog\u00eda (actividad f\u00edsica)<\/span><\/li>\n<li style=\"font-weight: 400;\" aria-level=\"1\"><span style=\"font-weight: 400;\">adaptar la suplementaci\u00f3n a las necesidades espec\u00edficas en funci\u00f3n de la edad y el sexo, que afectan a la necesidad de distintos nutrientes<\/span><\/li>\n<li style=\"font-weight: 400;\" aria-level=\"1\"><span style=\"font-weight: 400;\">Determinar el momento y la forma \u00f3ptimos de tomar los suplementos para maximizar su eficacia y comodidad.<\/span><span style=\"font-weight: 400;\">\u00a0 \u00a0<\/span><\/li>\n<\/ul>\n<p><b>Las consultas sobre farmacolog\u00eda aplicada incluyen:<\/b><\/p>\n<ul>\n<li style=\"font-weight: 400;\" aria-level=\"1\"><span style=\"font-weight: 400;\">considerar las interacciones de los suplementos con los medicamentos que se toman para evitar posibles interacciones y efectos secundarios<\/span><\/li>\n<li style=\"font-weight: 400;\" aria-level=\"1\"><span style=\"font-weight: 400;\">optimizaci\u00f3n del tratamiento farmacol\u00f3gico: minimizar el riesgo de complicaciones de salud y aumentar la eficacia de todos los planes preparados \u00a0<\/span><\/li>\n<\/ul>","protected":false},"excerpt":{"rendered":"<p style=\"text-align: center;\"><em>\"Nunca antes nos hab\u00edamos sentido tan maravillosos, y las posibilidades de VIDA que se nos han abierto y las que hemos DESCUBIERTO por nosotros mismos...mmmm.... su M\u00c1XIMA QUIETUD\".<\/em><br \/>\n<em>- Gregory y Blanca<\/em><\/p>\n<h6><span style=\"color: #a12520;\"><strong>que recibir\u00e1s de m\u00ed:<\/strong><\/span><\/h6>\n<p><strong>ASISTENCIA COMPLETA DE 60 D\u00cdAS, NO GUBERNAMENTAL<\/strong> tiempo o n\u00famero de consultas,<br \/>\nRegular <strong>efectos de la vigilancia,<\/strong><br \/>\n<strong>Evaluaci\u00f3n del estado de salud actual:<\/strong> consideraci\u00f3n del historial m\u00e9dico, enfermedades actuales, resultados<br \/>\nlas pruebas de laboratorio y el estado general de salud para elaborar una dieta que promueva la salud y prevenga las enfermedades.<br \/>\n<strong>Pruebas de laboratorio:<\/strong> La atenci\u00f3n a largo plazo, la confianza en datos de laboratorio s\u00f3lidos y mi apoyo desarrollan en usted h\u00e1bitos de salud sostenibles y le mantienen motivado para alcanzar sus objetivos.<br \/>\n<strong>Hasta 4 planes, personalizados exclusivamente para SUS necesidades<\/strong>reunidos en una soluci\u00f3n hol\u00edstica (Q-Smart- Synergistic- Strategy).<\/p>\n<p><img fetchpriority=\"high\" decoding=\"async\" class=\"alignnone wp-image-4165\" src=\"https:\/\/ppbhc.com\/wp-content\/uploads\/2023\/04\/Artboard-1t4fr3ewerfg.webp\" alt=\"\" width=\"1394\" height=\"449\" srcset=\"https:\/\/ppbhc.com\/wp-content\/uploads\/2023\/04\/Artboard-1t4fr3ewerfg.webp 1854w, https:\/\/ppbhc.com\/wp-content\/uploads\/2023\/04\/Artboard-1t4fr3ewerfg-300x97.webp 300w, https:\/\/ppbhc.com\/wp-content\/uploads\/2023\/04\/Artboard-1t4fr3ewerfg-1024x330.webp 1024w, https:\/\/ppbhc.com\/wp-content\/uploads\/2023\/04\/Artboard-1t4fr3ewerfg-768x247.webp 768w, https:\/\/ppbhc.com\/wp-content\/uploads\/2023\/04\/Artboard-1t4fr3ewerfg-1536x495.webp 1536w, https:\/\/ppbhc.com\/wp-content\/uploads\/2023\/04\/Artboard-1t4fr3ewerfg-18x6.webp 18w, https:\/\/ppbhc.com\/wp-content\/uploads\/2023\/04\/Artboard-1t4fr3ewerfg-900x290.webp 900w\" sizes=\"(max-width: 1394px) 100vw, 1394px\" \/><\/p>","protected":false},"featured_media":4147,"comment_status":"open","ping_status":"closed","template":"","meta":{"_kad_post_transparent":"default","_kad_post_title":"","_kad_post_layout":"default","_kad_post_sidebar_id":"","_kad_post_content_style":"default","_kad_post_vertical_padding":"default","_kad_post_feature":"","_kad_post_feature_position":"","_kad_post_header":false,"_kad_post_footer":false,"_kad_post_classname":""},"product_brand":[],"product_cat":[32,24],"product_tag":[],"class_list":{"0":"post-1074","1":"product","2":"type-product","3":"status-publish","4":"has-post-thumbnail","6":"product_cat-spersonalizowana-dieta","7":"product_cat-usluga","9":"first","10":"instock","11":"taxable","12":"shipping-taxable","13":"purchasable","14":"product-type-variable","15":"has-default-attributes","16":"entry","17":"content-bg","18":"loop-entry"},"jetpack_sharing_enabled":true,"_links":{"self":[{"href":"https:\/\/ppbhc.com\/es\/wp-json\/wp\/v2\/product\/1074","targetHints":{"allow":["GET"]}}],"collection":[{"href":"https:\/\/ppbhc.com\/es\/wp-json\/wp\/v2\/product"}],"about":[{"href":"https:\/\/ppbhc.com\/es\/wp-json\/wp\/v2\/types\/product"}],"replies":[{"embeddable":true,"href":"https:\/\/ppbhc.com\/es\/wp-json\/wp\/v2\/comments?post=1074"}],"wp:featuredmedia":[{"embeddable":true,"href":"https:\/\/ppbhc.com\/es\/wp-json\/wp\/v2\/media\/4147"}],"wp:attachment":[{"href":"https:\/\/ppbhc.com\/es\/wp-json\/wp\/v2\/media?parent=1074"}],"wp:term":[{"taxonomy":"product_brand","embeddable":true,"href":"https:\/\/ppbhc.com\/es\/wp-json\/wp\/v2\/product_brand?post=1074"},{"taxonomy":"product_cat","embeddable":true,"href":"https:\/\/ppbhc.com\/es\/wp-json\/wp\/v2\/product_cat?post=1074"},{"taxonomy":"product_tag","embeddable":true,"href":"https:\/\/ppbhc.com\/es\/wp-json\/wp\/v2\/product_tag?post=1074"}],"curies":[{"name":"wp","href":"https:\/\/api.w.org\/{rel}","templated":true}]}}