{"id":1068,"date":"2023-04-21T17:02:56","date_gmt":"2023-04-21T15:02:56","guid":{"rendered":"http:\/\/wordpress2302135.home.pl\/ppbhc-robocza\/?post_type=product&#038;p=1068"},"modified":"2025-11-14T12:33:40","modified_gmt":"2025-11-14T11:33:40","slug":"pakiet-2-plan-dietetyczny-i-endokrynologiczny","status":"publish","type":"product","link":"https:\/\/ppbhc.com\/es\/producto\/pakiet-2-plan-dietetyczny-i-endokrynologiczny\/","title":{"rendered":"PAQUETE 2: Plan diet\u00e9tico y endocrinol\u00f3gico"},"content":{"rendered":"<p>Primera visita con diagn\u00f3stico detallado del problema, entrevista diet\u00e9tica y propuesta de un primer plan diet\u00e9tico personalizado junto con la suplementaci\u00f3n necesaria y asesoramiento farmacol\u00f3gico (si fuera necesario).<\/p>\n<p>Enfoque hol\u00edstico de la farmacolog\u00eda - optimizaci\u00f3n cuantitativa y cualitativa de los medicamentos utilizados en el campo, restablecimiento de la homeostasis tras el uso de dopantes prohibidos, as\u00ed como trastornos naturales del sistema endocrino.<\/p>","protected":false},"excerpt":{"rendered":"<p>Primera visita con diagn\u00f3stico detallado del problema, entrevista diet\u00e9tica y propuesta de un primer plan diet\u00e9tico personalizado junto con la suplementaci\u00f3n necesaria y asesoramiento farmacol\u00f3gico (si fuera necesario).<\/p>\n<p>Enfoque hol\u00edstico de la farmacolog\u00eda - optimizaci\u00f3n cuantitativa y cualitativa de los medicamentos utilizados en el campo, restablecimiento de la homeostasis tras el uso de dopantes prohibidos, as\u00ed como trastornos naturales del sistema endocrino.<\/p>\n<p><b>El paquete incluye 60 d\u00edas de cuidados.<\/b><\/p>\n<p>Si elige el PAQUETE 2, ahorrar\u00e1 20% de inmediato,<br \/>\ny con la cooperaci\u00f3n continuada otro 8%.<\/p>","protected":false},"featured_media":3794,"comment_status":"open","ping_status":"closed","template":"","meta":{"_kad_post_transparent":"default","_kad_post_title":"","_kad_post_layout":"default","_kad_post_sidebar_id":"","_kad_post_content_style":"default","_kad_post_vertical_padding":"default","_kad_post_feature":"","_kad_post_feature_position":"","_kad_post_header":false,"_kad_post_footer":false,"_kad_post_classname":""},"product_brand":[],"product_cat":[32,24],"product_tag":[],"class_list":{"0":"post-1068","1":"product","2":"type-product","3":"status-publish","4":"has-post-thumbnail","6":"product_cat-spersonalizowana-dieta","7":"product_cat-usluga","9":"first","10":"instock","11":"taxable","12":"shipping-taxable","13":"purchasable","14":"product-type-variable","15":"has-default-attributes","16":"entry","17":"content-bg","18":"loop-entry"},"jetpack_sharing_enabled":true,"_links":{"self":[{"href":"https:\/\/ppbhc.com\/es\/wp-json\/wp\/v2\/product\/1068","targetHints":{"allow":["GET"]}}],"collection":[{"href":"https:\/\/ppbhc.com\/es\/wp-json\/wp\/v2\/product"}],"about":[{"href":"https:\/\/ppbhc.com\/es\/wp-json\/wp\/v2\/types\/product"}],"replies":[{"embeddable":true,"href":"https:\/\/ppbhc.com\/es\/wp-json\/wp\/v2\/comments?post=1068"}],"wp:featuredmedia":[{"embeddable":true,"href":"https:\/\/ppbhc.com\/es\/wp-json\/wp\/v2\/media\/3794"}],"wp:attachment":[{"href":"https:\/\/ppbhc.com\/es\/wp-json\/wp\/v2\/media?parent=1068"}],"wp:term":[{"taxonomy":"product_brand","embeddable":true,"href":"https:\/\/ppbhc.com\/es\/wp-json\/wp\/v2\/product_brand?post=1068"},{"taxonomy":"product_cat","embeddable":true,"href":"https:\/\/ppbhc.com\/es\/wp-json\/wp\/v2\/product_cat?post=1068"},{"taxonomy":"product_tag","embeddable":true,"href":"https:\/\/ppbhc.com\/es\/wp-json\/wp\/v2\/product_tag?post=1068"}],"curies":[{"name":"wp","href":"https:\/\/api.w.org\/{rel}","templated":true}]}}