{"id":1029,"date":"2023-04-21T17:14:14","date_gmt":"2023-04-21T15:14:14","guid":{"rendered":"http:\/\/wordpress2302135.home.pl\/ppbhc-robocza\/?post_type=product&#038;p=1029"},"modified":"2025-11-14T12:31:17","modified_gmt":"2025-11-14T11:31:17","slug":"endokrynologia-wysilku-sportowego","status":"publish","type":"product","link":"https:\/\/ppbhc.com\/es\/producto\/endokrynologia-wysilku-sportowego\/","title":{"rendered":"Endocrinolog\u00eda"},"content":{"rendered":"","protected":false},"excerpt":{"rendered":"<div class=\"widget-row\">\n<div id=\"text-widget-1632567214236\" class=\"widget widgetResponsive textWidget col20\" data-type=\"TextWidget\" data-delay=\"\" data-animation-duration=\"\" data-animation-delay=\"\" data-animation=\"lazyAnimation-\">\n<div class=\"text-widget-content\">\n<p>Un enfoque hol\u00edstico de la farmacolog\u00eda<b><u>\u00a0(incluidos los deportes)\u00a0<\/u><\/b>- optimizaci\u00f3n cuantitativa y cualitativa de los medicamentos utilizados en este \u00e1mbito, restablecimiento de la homeostasis tras el uso de dopantes prohibidos, as\u00ed como de disruptores endocrinos naturales.<\/p>\n<p><b>El servicio incluye 60 d\u00edas de atenci\u00f3n.<\/b><\/p>\n<\/div>\n<\/div>\n<\/div>\n<div class=\"widget-row\">\n<div id=\"separator-widget-1632567214235\" class=\"widget widgetResponsive col20\" data-type=\"Separator\" data-delay=\"\" data-animation-duration=\"\" data-animation-delay=\"\" data-animation=\"lazyAnimation-\">\n<div>\n<div class=\"hr-title fullwidth-separator\"><\/div>\n<\/div>\n<\/div>\n<\/div>","protected":false},"featured_media":1034,"comment_status":"open","ping_status":"closed","template":"","meta":{"_kad_post_transparent":"default","_kad_post_title":"","_kad_post_layout":"default","_kad_post_sidebar_id":"","_kad_post_content_style":"default","_kad_post_vertical_padding":"default","_kad_post_feature":"","_kad_post_feature_position":"","_kad_post_header":false,"_kad_post_footer":false,"_kad_post_classname":""},"product_brand":[],"product_cat":[24],"product_tag":[],"class_list":{"0":"post-1029","1":"product","2":"type-product","3":"status-publish","4":"has-post-thumbnail","6":"product_cat-usluga","8":"first","9":"instock","10":"taxable","11":"shipping-taxable","12":"purchasable","13":"product-type-variable","14":"has-default-attributes","15":"entry","16":"content-bg","17":"loop-entry"},"jetpack_sharing_enabled":true,"_links":{"self":[{"href":"https:\/\/ppbhc.com\/es\/wp-json\/wp\/v2\/product\/1029","targetHints":{"allow":["GET"]}}],"collection":[{"href":"https:\/\/ppbhc.com\/es\/wp-json\/wp\/v2\/product"}],"about":[{"href":"https:\/\/ppbhc.com\/es\/wp-json\/wp\/v2\/types\/product"}],"replies":[{"embeddable":true,"href":"https:\/\/ppbhc.com\/es\/wp-json\/wp\/v2\/comments?post=1029"}],"wp:featuredmedia":[{"embeddable":true,"href":"https:\/\/ppbhc.com\/es\/wp-json\/wp\/v2\/media\/1034"}],"wp:attachment":[{"href":"https:\/\/ppbhc.com\/es\/wp-json\/wp\/v2\/media?parent=1029"}],"wp:term":[{"taxonomy":"product_brand","embeddable":true,"href":"https:\/\/ppbhc.com\/es\/wp-json\/wp\/v2\/product_brand?post=1029"},{"taxonomy":"product_cat","embeddable":true,"href":"https:\/\/ppbhc.com\/es\/wp-json\/wp\/v2\/product_cat?post=1029"},{"taxonomy":"product_tag","embeddable":true,"href":"https:\/\/ppbhc.com\/es\/wp-json\/wp\/v2\/product_tag?post=1029"}],"curies":[{"name":"wp","href":"https:\/\/api.w.org\/{rel}","templated":true}]}}