{"id":3,"date":"2023-03-15T13:27:33","date_gmt":"2023-03-15T12:27:33","guid":{"rendered":"http:\/\/wordpress2302135.home.pl\/ppbhc-robocza\/?page_id=3"},"modified":"2023-05-25T10:25:48","modified_gmt":"2023-05-25T08:25:48","slug":"polityka-prywatnosci","status":"publish","type":"page","link":"https:\/\/ppbhc.com\/es\/polityka-prywatnosci\/","title":{"rendered":"Pol\u00edtica de privacidad"},"content":{"rendered":"<div data-elementor-type=\"wp-page\" data-elementor-id=\"3\" class=\"elementor elementor-3\">\n\t\t\t\t\t\t<section class=\"elementor-section elementor-top-section elementor-element elementor-element-e790bcf elementor-section-boxed elementor-section-height-default elementor-section-height-default\" data-id=\"e790bcf\" data-element_type=\"section\" data-e-type=\"section\">\n\t\t\t\t\t\t<div class=\"elementor-container elementor-column-gap-default\">\n\t\t\t\t\t<div class=\"elementor-column elementor-col-100 elementor-top-column elementor-element elementor-element-954b012\" data-id=\"954b012\" data-element_type=\"column\" data-e-type=\"column\">\n\t\t\t<div class=\"elementor-widget-wrap elementor-element-populated\">\n\t\t\t\t\t\t<div class=\"elementor-element elementor-element-28749d2 elementor-widget elementor-widget-heading\" data-id=\"28749d2\" data-element_type=\"widget\" data-e-type=\"widget\" data-widget_type=\"heading.default\">\n\t\t\t\t<div class=\"elementor-widget-container\">\n\t\t\t\t\t<h2 class=\"elementor-heading-title elementor-size-default\">Pol\u00edtica de privacidad<\/h2>\t\t\t\t<\/div>\n\t\t\t\t<\/div>\n\t\t\t\t<div class=\"elementor-element elementor-element-0a45fc0 elementor-widget elementor-widget-text-editor\" data-id=\"0a45fc0\" data-element_type=\"widget\" data-e-type=\"widget\" data-widget_type=\"text-editor.default\">\n\t\t\t\t<div class=\"elementor-widget-container\">\n\t\t\t\t\t\t\t\t\tPOL\u00cdTICA DE PRIVACIDAD DEL SITIO WEB <strong>Piotr Kaczka - Consultor\u00eda profesional de farmacia, cuerpo y salud - <\/strong>disponible en <a href=\"https:\/\/ppbhc.com\/es\/\">www.ppbhc.com<\/a>\n\nEstimado usuario\n\nNos preocupamos por su privacidad y queremos que se sienta\u0328 c\u00f3modo mientras utiliza nuestros servicios. A continuaci\u00f3n encontrar\u00e1 la informaci\u00f3n m\u00e1s importante sobre los principios de nuestro tratamiento de sus datos personales y las cookies que utiliza nuestro Servicio. Sus datos se procesan de acuerdo con la Ley de Protecci\u00f3n de Datos Personales de 10 de mayo de 2018. (es decir, Diario de Leyes 2019, punto 1781), de conformidad con las disposiciones del Reglamento (UE) 2016\/679 del Parlamento Europeo y del Consejo, de 27 de abril de 2016, relativo a la protecci\u00f3n de las personas f\u00edsicas en lo que respecta al tratamiento de datos personales y a la libre circulaci\u00f3n de estos datos y por el que se deroga la Directiva 95\/46\/CE (en adelante, el \"Reglamento RODO\") y la Ley de prestaci\u00f3n de servicios electr\u00f3nicos de 18 de julio de 2002 (es decir, Diario de Leyes 2020, punto 344).\n<ol>\n \t<li>Responsable del tratamiento de datos personales.<\/li>\n<\/ol>\nEl administrador de los datos personales de los usuarios del sitio web www.ppbhc.com (en lo sucesivo, el Administrador), es decir, el responsable de garantizar la seguridad de sus datos personales, es: Piotr Kaczka que ejerce su actividad comercial bajo el nombre de: Piotr Kaczka-Professional Pharma, Body And Health Consulting, con domicilio social en: 35-205 Rzesz\u00f3w, ul. Warszawska 39, NIP: 538-161-47-17, REGON 389676871, direcci\u00f3n de correo electr\u00f3nico: <a href=\"mailto:piotr.kaczka@ppbhc.com\">piotr.kaczka@ppbhc.com<\/a> inscritos en el Registro Central e Informaci\u00f3n de la Actividad Empresarial (CEIDG).\n<ol start=\"2\">\n \t<li>Base del tratamiento de datos.<\/li>\n<\/ol>\n<ul>\n \t<li>El responsable del tratamiento tiene derecho a tratar datos personales cuando se cumplan una o varias de las siguientes condiciones:<\/li>\n<\/ul>\n<ol>\n \t<li>el interesado ha consentido el tratamiento de sus datos personales para uno o varios fines espec\u00edficos,<\/li>\n \t<li>el tratamiento es necesario para la ejecuci\u00f3n de un contrato en el que el interesado es parte o para tomar medidas a petici\u00f3n del interesado antes de celebrar un contrato,<\/li>\n \t<li>el tratamiento es necesario para el cumplimiento de una obligaci\u00f3n legal que incumbe al Administrador,<\/li>\n \t<li>el tratamiento es necesario a efectos de los intereses leg\u00edtimos perseguidos por el Administrador o por un tercero.<\/li>\n<\/ol>\n<ul>\n \t<li>El tratamiento de datos personales por parte del Administrador requiere, en cada caso, la existencia de al menos uno de los motivos indicados anteriormente. Motivos espec\u00edficos para el tratamiento de los datos personales de los Usuarios del Sitio Web <a href=\"https:\/\/ppbhc.com\/es\/\">ppbhc.com<\/a> por el Administrador se indican a continuaci\u00f3n.<\/li>\n<\/ul>\n<ol start=\"3\">\n \t<li>Finalidad del tratamiento de datos.<\/li>\n<\/ol>\n<ul>\n \t<li>La finalidad del tratamiento de los datos se deriva de las actividades realizadas por el Usuario del Sitio Web y el Administrador.<\/li>\n \t<li>El responsable del tratamiento trata los datos personales para los siguientes fines:<\/li>\n<\/ul>\n<table width=\"590\" border=\"1\">\n<tbody >\n<tr>\n<td width=\"184\"><strong>Finalidad del tratamiento de datos<\/strong><\/td>\n<td width=\"406\"><strong>Base jur\u00eddica del tratamiento y periodo de conservaci\u00f3n de los datos<\/strong><\/td>\n<\/tr>\n<tr>\n<td width=\"184\">\n<p style=\"text-align: left;\"><strong>El contrato de prestaci\u00f3n de servicios o las gestiones realizadas a petici\u00f3n suya para celebrarlo.<\/strong><\/p>\n<\/td>\n<td width=\"406\"><em>Art\u00edculo 6, apartado 1, letras a) y b), del Reglamento RODO (el interesado ha dado su consentimiento al tratamiento de sus datos personales, y\/o el tratamiento es necesario para la ejecuci\u00f3n de un contrato en el que el interesado es parte o para tomar medidas a petici\u00f3n del interesado antes de celebrar un contrato).<\/em>\n\n<em>\u00a0<\/em>\n\nLos datos se conservar\u00e1n durante el per\u00edodo necesario para la ejecuci\u00f3n, rescisi\u00f3n o expiraci\u00f3n del contrato celebrado o hasta que se retire el consentimiento dado.<\/td>\n<\/tr>\n<tr>\n<td width=\"184\"><strong>Marketing, incluido el marketing directo.<\/strong><\/td>\n<td width=\"406\"><em>Art\u00edculo 6, apartado 1, letra f), del Reglamento RODO (el tratamiento es necesario a efectos de los intereses leg\u00edtimos perseguidos por el responsable del tratamiento o por un tercero) y art\u00edculo 6, apartado 1, letra a), del Reglamento RODO (el interesado ha dado su consentimiento para que el responsable del tratamiento trate sus datos personales con fines de mercadotecnia).<\/em>\n\n<em>\u00a0<\/em>\n\nLos datos se conservar\u00e1n mientras dure el inter\u00e9s leg\u00edtimo perseguido por el responsable del tratamiento. El responsable del tratamiento no podr\u00e1 tratar los datos con fines de mercadotecnia directa en caso de oposici\u00f3n efectiva a tal efecto por parte del interesado. En el caso de los datos almacenados sobre la base del consentimiento, los datos se almacenar\u00e1n hasta que el interesado retire su consentimiento al tratamiento ulterior de los datos para el fin mencionado.<\/td>\n<\/tr>\n<tr>\n<td width=\"184\"><strong>Utilizar el sitio web y garantizar su correcto funcionamiento.<\/strong><\/td>\n<td width=\"406\"><em>Art\u00edculo 6, apartado 1, letra f), del Reglamento RODO (el tratamiento es necesario a efectos de los intereses leg\u00edtimos del administrador, consistentes en el funcionamiento y mantenimiento del sitio web).<\/em>\n\n<em>\u00a0<\/em>\n\nLos datos se conservar\u00e1n durante el periodo de existencia del inter\u00e9s leg\u00edtimo perseguido por el Administrador, pero no m\u00e1s all\u00e1 del periodo de prescripci\u00f3n de las reclamaciones del Administrador contra el interesado a causa de las actividades empresariales del Administrador. El plazo de prescripci\u00f3n est\u00e1 determinado por la ley, en particular el C\u00f3digo Civil (el plazo de prescripci\u00f3n b\u00e1sico para las reclamaciones relacionadas con el ejercicio de actividades empresariales es de tres a\u00f1os).<\/td>\n<\/tr>\n<tr>\n<td width=\"184\"><strong>Mantener estad\u00edsticas y analizar el tr\u00e1fico en el sitio web.<\/strong><\/td>\n<td width=\"406\"><em>Art\u00edculo 6, apartado 1, letra f), del Reglamento RODO (el tratamiento es necesario a efectos de los intereses leg\u00edtimos del Administrador, consistentes en la realizaci\u00f3n de estad\u00edsticas y el an\u00e1lisis del tr\u00e1fico en el Sitio Web con el fin de mejorar su funcionamiento y\/o aumentar el alcance de los servicios prestados).<\/em>\n\n<em>\u00a0<\/em>\n\nLos datos se conservar\u00e1n durante el periodo de existencia del inter\u00e9s leg\u00edtimo perseguido por el Administrador, pero no m\u00e1s all\u00e1 del periodo de prescripci\u00f3n de las reclamaciones del Administrador contra el interesado en relaci\u00f3n con las actividades empresariales del Administrador. El plazo de prescripci\u00f3n est\u00e1 determinado por la ley, en particular el C\u00f3digo Civil (el plazo de prescripci\u00f3n b\u00e1sico para las reclamaciones relacionadas con la realizaci\u00f3n de actividades empresariales es de tres a\u00f1os).<\/td>\n<\/tr>\n<tr>\n<td width=\"184\"><strong>Contabilidad, servicios jur\u00eddicos<\/strong><\/td>\n<td width=\"406\"><em>Art\u00edculo 6, apartado 1, letras c) y f), del Reglamento RODO (el tratamiento es necesario para el cumplimiento de una obligaci\u00f3n legal que incumbe al Administrador y\/o el tratamiento es necesario a efectos de los intereses leg\u00edtimos del Administrador).<\/em>\n\n<em>\u00a0<\/em>\n\nLos datos se conservar\u00e1n durante un periodo de 5 a\u00f1os, a partir del comienzo del a\u00f1o siguiente al ejercicio al que se refieren los datos y\/o mientras dure el inter\u00e9s leg\u00edtimo perseguido por el responsable del tratamiento.<\/td>\n<\/tr>\n<\/tbody>\n<\/table>\n&nbsp;\n<ul>\n \t<li>El suministro de datos es voluntario, pero en algunos casos puede ser necesario para celebrar un contrato.<\/li>\n \t<li>La consecuencia de no facilitar los datos puede ser la imposibilidad de utilizar todas las funcionalidades del Sitio Web, incluyendo:<\/li>\n<\/ul>\n<ol>\n \t<li>no poder registrarse en el sitio web,<\/li>\n \t<li>no poder recibir informaci\u00f3n sobre seminarios web, cursos de formaci\u00f3n, conferencias y promociones.<\/li>\n \t<li>Destinatarios de los datos.<\/li>\n<\/ol>\n<ul>\n \t<li>Para el correcto funcionamiento del Sitio Web, es necesario que el Administrador utilice los servicios de entidades externas (por ejemplo, proveedor de software). El Administrador solo utilizar\u00e1 los servicios de dichos encargados del tratamiento que ofrezcan garant\u00edas suficientes para aplicar las medidas t\u00e9cnicas y organizativas adecuadas, de modo que el tratamiento cumpla los requisitos del Reglamento RODO y proteja los derechos de los interesados.<\/li>\n \t<li>El responsable del tratamiento s\u00f3lo transmitir\u00e1 datos si ello es necesario para el fin espec\u00edfico del tratamiento de datos personales y s\u00f3lo en la medida necesaria para cumplir dicho fin.<\/li>\n \t<li>Los datos personales de los Usuarios del Sitio Web podr\u00e1n ser transferidos a los siguientes destinatarios:<\/li>\n<\/ul>\n<ol>\n \t<li>a procesadores de pagos y agentes de entrega de pedidos en caso de que un Usuario adquiera bienes ofrecidos por el Sitio Web,<\/li>\n \t<li>proveedores de servicios que suministran al Administrador soluciones t\u00e9cnicas, inform\u00e1ticas y organizativas. Entre ellos se incluyen los proveedores de programas inform\u00e1ticos para el funcionamiento del Portal Web, los proveedores de correo electr\u00f3nico y alojamiento y los proveedores de programas inform\u00e1ticos de gesti\u00f3n empresarial y asistencia t\u00e9cnica al Administrador,<\/li>\n \t<li>proveedores de servicios contables, jur\u00eddicos o de asesoramiento que presten apoyo contable, jur\u00eddico o de asesoramiento al Administrador. El Administrador pondr\u00e1 los datos personales recogidos del Usuario a disposici\u00f3n del proveedor seleccionado que act\u00fae en su nombre s\u00f3lo en el caso y en la medida necesaria para cumplir con el prop\u00f3sito dado de procesamiento de datos de acuerdo con esta pol\u00edtica de privacidad.<\/li>\n \t<li>Derechos del interesado.<\/li>\n<\/ol>\n<ul>\n \t<li>El interesado tiene derecho a solicitar al responsable del tratamiento el acceso a sus datos personales, la rectificaci\u00f3n, supresi\u00f3n o limitaci\u00f3n del tratamiento y tiene derecho a oponerse al tratamiento, as\u00ed como a la portabilidad de los datos. Las condiciones detalladas se indican en los art\u00edculos 15 a 21 del Reglamento RODO.<\/li>\n \t<li>La persona cuyos datos sean tratados por el responsable del tratamiento sobre la base del art\u00edculo 6, apartado 1, letra a), o del art\u00edculo 9, apartado 2, letra a), del Reglamento RODO tiene derecho a retirar su consentimiento en cualquier momento sin que ello afecte a la licitud del tratamiento efectuado sobre la base del consentimiento antes de su retirada.<\/li>\n \t<li>La persona cuyos datos sean tratados por el Responsable del Tratamiento tiene derecho a presentar una reclamaci\u00f3n ante la autoridad de control en la forma y modo especificados en las disposiciones del Reglamento RODO y la legislaci\u00f3n polaca. La autoridad de control en Polonia es el Presidente de la Oficina de Protecci\u00f3n de Datos Personales.<\/li>\n \t<li>El interesado tendr\u00e1 derecho a oponerse en cualquier momento a<\/li>\n<\/ul>\n<ol>\n \t<li>por motivos relacionados con su situaci\u00f3n particular\u0328 - contra el tratamiento de datos personales que le conciernen basado en el art\u00edculo 6, apartado 1, letra f), del RODO (es decir, los intereses leg\u00edtimos perseguidos por el responsable del tratamiento), incluida la elaboraci\u00f3n de perfiles sobre la base de estas disposiciones - si procede,<\/li>\n \t<li>cuando se traten datos personales con fines de mercadotecnia directa, incluida la elaboraci\u00f3n de perfiles, en la medida en que el tratamiento est\u00e9 relacionado con dicha mercadotecnia directa.<\/li>\n<\/ol>\n<ul>\n \t<li>Para ejercer los derechos a los que se hace referencia en esta secci\u00f3n de la pol\u00edtica de privacidad, puede ponerse en contacto con el Administrador enviando un mensaje adecuado por escrito por correo electr\u00f3nico a la direcci\u00f3n del Administrador indicada al principio de la pol\u00edtica de privacidad.<\/li>\n<\/ul>\n<ol start=\"6\">\n \t<li>Cookies en el sitio web <a href=\"https:\/\/ppbhc.com\/es\/\">ppbhc.com<\/a><\/li>\n<\/ol>\n<ul>\n \t<li>Las cookies son peque\u00f1as piezas de informaci\u00f3n en forma de archivos de texto enviados por un servidor.<\/li>\n \t<li>Nuestro sitio web, como la mayor\u00eda\u0301 de los sitios web, utiliza cookies. Estos archivos:<\/li>\n<\/ul>\n<ol>\n \t<li>se almacenan en su dispositivo (ordenador, tel\u00e9fono, etc.),<\/li>\n \t<li>le enabl\u0119, entre otras cosas, utilizar todas las funciones del Sitio Web,<\/li>\n \t<li>no caus\u0119 cambios en los ajustes de tu dispositivo.<\/li>\n<\/ol>\n<ul>\n \t<li>Utilizando las opciones correspondientes de su navegador, puede hacerlo en cualquier momento:<\/li>\n<\/ul>\n<ol>\n \t<li>eliminar cookies,<\/li>\n \t<li>bloquear el uso futuro de cookies<\/li>\n<\/ol>\n<ul>\n \t<li>Las cookies se utilizan en el Sitio Web para:<\/li>\n<\/ul>\n<ol>\n \t<li>recordar la informaci\u00f3n de su sesi\u00f3n,<\/li>\n \t<li>estad\u00edstica,<\/li>\n \t<li>marketing,<\/li>\n \t<li>la puesta a disposici\u00f3n de funciones clave del sitio web.<\/li>\n<\/ol>\n<ul>\n \t<li>Para saber c\u00f3mo gestionar las cookies, incluido c\u00f3mo desactivarlas en su navegador, puede consultar el archivo de ayuda de su navegador.<\/li>\n \t<li>Si no desactiva el uso de cookies en la configuraci\u00f3n de su navegador, significa que consiente\u0328 su uso.<\/li>\n \t<li>Si necesita informaci\u00f3n adicional, puede ponerse en contacto con el Administrador enviando un mensaje pertinente por escrito a la direcci\u00f3n de correo electr\u00f3nico indicada anteriormente.<\/li>\n<\/ul>\t\t\t\t\t\t\t\t<\/div>\n\t\t\t\t<\/div>\n\t\t\t\t\t<\/div>\n\t\t<\/div>\n\t\t\t\t\t<\/div>\n\t\t<\/section>\n\t\t\t\t<\/div>","protected":false},"excerpt":{"rendered":"<p>POL\u00cdTICA DE PRIVACIDAD DEL SERVICIO DE INTERNET Piotr Kaczka - Professional Pharma, Body and Health Consulting - disponible en www.ppbhc.com \u00a1Querido usuario! Nos preocupamos por su privacidad y queremos que se sienta\u0328 c\u00f3modo mientras utiliza nuestros servicios. A continuaci\u00f3n encontrar\u00e1 la informaci\u00f3n m\u00e1s importante sobre los principios de nuestro tratamiento de sus datos personales y las cookies que...<\/p>","protected":false},"author":37,"featured_media":0,"parent":0,"menu_order":0,"comment_status":"closed","ping_status":"closed","template":"","meta":{"_kad_post_transparent":"","_kad_post_title":"hide","_kad_post_layout":"fullwidth","_kad_post_sidebar_id":"","_kad_post_content_style":"unboxed","_kad_post_vertical_padding":"hide","_kad_post_feature":"hide","_kad_post_feature_position":"","_kad_post_header":false,"_kad_post_footer":false,"_kad_post_classname":"","footnotes":""},"class_list":["post-3","page","type-page","status-publish","hentry"],"jetpack_sharing_enabled":true,"_links":{"self":[{"href":"https:\/\/ppbhc.com\/es\/wp-json\/wp\/v2\/pages\/3","targetHints":{"allow":["GET"]}}],"collection":[{"href":"https:\/\/ppbhc.com\/es\/wp-json\/wp\/v2\/pages"}],"about":[{"href":"https:\/\/ppbhc.com\/es\/wp-json\/wp\/v2\/types\/page"}],"author":[{"embeddable":true,"href":"https:\/\/ppbhc.com\/es\/wp-json\/wp\/v2\/users\/37"}],"replies":[{"embeddable":true,"href":"https:\/\/ppbhc.com\/es\/wp-json\/wp\/v2\/comments?post=3"}],"version-history":[{"count":8,"href":"https:\/\/ppbhc.com\/es\/wp-json\/wp\/v2\/pages\/3\/revisions"}],"predecessor-version":[{"id":1703,"href":"https:\/\/ppbhc.com\/es\/wp-json\/wp\/v2\/pages\/3\/revisions\/1703"}],"wp:attachment":[{"href":"https:\/\/ppbhc.com\/es\/wp-json\/wp\/v2\/media?parent=3"}],"curies":[{"name":"wp","href":"https:\/\/api.w.org\/{rel}","templated":true}]}}