{"id":4225,"date":"2024-07-17T09:49:16","date_gmt":"2024-07-17T07:49:16","guid":{"rendered":"https:\/\/ppbhc.com\/?post_type=product&#038;p=4225"},"modified":"2025-11-14T12:25:08","modified_gmt":"2025-11-14T11:25:08","slug":"konsultacja","status":"publish","type":"product","link":"https:\/\/ppbhc.com\/de\/produkt\/konsultacja\/","title":{"rendered":"Konsultation"},"content":{"rendered":"","protected":false},"excerpt":{"rendered":"<div dir=\"ltr\">\n<div dir=\"ltr\">\n<div>Die Erstberatung umfasst eine Beurteilung Ihres Gesundheitszustands und Ihrer m\u00f6glichen sportlichen Bed\u00fcrfnisse, wobei ein Gespr\u00e4ch \u00fcber Ihren Lebensstil, Ihre Ziele und m\u00f6gliche gesundheitliche Probleme ber\u00fccksichtigt wird.<\/div>\n<div>Als Teil dieser Dienstleistung biete ich an:<br \/>\n- Ein gr\u00fcndliches Verst\u00e4ndnis Ihrer individuellen gesundheitlichen und sportlichen Bed\u00fcrfnisse, um einen m\u00f6glichst pers\u00f6nlichen Ansatz zu gew\u00e4hrleisten.<br \/>\n- Vorschl\u00e4ge f\u00fcr weitere Ma\u00dfnahmen zur Vorbereitung einer vollst\u00e4ndigen und umfassenden Betreuung (u. a. Erstellung eines individuellen Di\u00e4t- und Trainingsplans und gegebenenfalls endokrinologische Beratung).<br \/>\n- Alle diese Ma\u00dfnahmen zielen darauf ab, Ihre Gesundheit zu verbessern und m\u00f6glicherweise Ihre sportlichen Ziele auf sichere und effektive Weise zu erreichen.<\/div>\n<\/div>\n<\/div>","protected":false},"featured_media":4226,"comment_status":"open","ping_status":"closed","template":"","meta":{"_kad_post_transparent":"default","_kad_post_title":"","_kad_post_layout":"default","_kad_post_sidebar_id":"","_kad_post_content_style":"default","_kad_post_vertical_padding":"default","_kad_post_feature":"","_kad_post_feature_position":"","_kad_post_header":false,"_kad_post_footer":false,"_kad_post_classname":""},"product_brand":[],"product_cat":[24],"product_tag":[],"class_list":{"0":"post-4225","1":"product","2":"type-product","3":"status-publish","4":"has-post-thumbnail","6":"product_cat-usluga","8":"first","9":"instock","10":"virtual","11":"taxable","12":"purchasable","13":"product-type-simple","14":"entry","15":"content-bg","16":"loop-entry"},"jetpack_sharing_enabled":true,"_links":{"self":[{"href":"https:\/\/ppbhc.com\/de\/wp-json\/wp\/v2\/product\/4225","targetHints":{"allow":["GET"]}}],"collection":[{"href":"https:\/\/ppbhc.com\/de\/wp-json\/wp\/v2\/product"}],"about":[{"href":"https:\/\/ppbhc.com\/de\/wp-json\/wp\/v2\/types\/product"}],"replies":[{"embeddable":true,"href":"https:\/\/ppbhc.com\/de\/wp-json\/wp\/v2\/comments?post=4225"}],"wp:featuredmedia":[{"embeddable":true,"href":"https:\/\/ppbhc.com\/de\/wp-json\/wp\/v2\/media\/4226"}],"wp:attachment":[{"href":"https:\/\/ppbhc.com\/de\/wp-json\/wp\/v2\/media?parent=4225"}],"wp:term":[{"taxonomy":"product_brand","embeddable":true,"href":"https:\/\/ppbhc.com\/de\/wp-json\/wp\/v2\/product_brand?post=4225"},{"taxonomy":"product_cat","embeddable":true,"href":"https:\/\/ppbhc.com\/de\/wp-json\/wp\/v2\/product_cat?post=4225"},{"taxonomy":"product_tag","embeddable":true,"href":"https:\/\/ppbhc.com\/de\/wp-json\/wp\/v2\/product_tag?post=4225"}],"curies":[{"name":"wp","href":"https:\/\/api.w.org\/{rel}","templated":true}]}}