{"id":3646,"date":"2023-10-30T12:27:14","date_gmt":"2023-10-30T11:27:14","guid":{"rendered":"https:\/\/ppbhc.com\/?post_type=product&#038;p=3646"},"modified":"2025-11-14T12:25:48","modified_gmt":"2025-11-14T11:25:48","slug":"analiza-badan-laboratoryjnych","status":"publish","type":"product","link":"https:\/\/ppbhc.com\/de\/produkt\/analiza-badan-laboratoryjnych\/","title":{"rendered":"Analyse von Labortests"},"content":{"rendered":"","protected":false},"excerpt":{"rendered":"<p>Ich biete Dienstleistungen f\u00fcr die Beauftragung von INDIVIDUELLEN Laboruntersuchungen und\/oder die Interpretation bereits vorliegender Ergebnisse an.<br \/>\nMeine Aufgabe ist es, Ihnen bei der Auswahl der f\u00fcr SIE (zum jeweiligen Zeitpunkt) richtigen Tests zu helfen, um Ihre Gesundheit zu \u00fcberpr\u00fcfen und\/oder Ihre sportlichen Leistungen zu verbessern.<\/p>\n<p>Wenn Sie bereits \u00fcber aktuelle Ergebnisse verf\u00fcgen, kann ich Ihnen bei der Interpretation helfen und Sie bei den n\u00e4chsten Schritten unterst\u00fctzen.<\/p>\n<p>Sie k\u00f6nnen von meinem Fachwissen profitieren, sowohl bei der Beurteilung der Gesundheit (auf der Grundlage der Ergebnisse) als auch wenn es um Sport geht.<br \/>\nAlles zur Unterst\u00fctzung Ihrer Ziele und Ihrer Gesundheit.<\/p>","protected":false},"featured_media":3647,"comment_status":"open","ping_status":"closed","template":"","meta":{"_kad_post_transparent":"default","_kad_post_title":"","_kad_post_layout":"default","_kad_post_sidebar_id":"","_kad_post_content_style":"default","_kad_post_vertical_padding":"default","_kad_post_feature":"","_kad_post_feature_position":"","_kad_post_header":false,"_kad_post_footer":false,"_kad_post_classname":""},"product_brand":[],"product_cat":[24],"product_tag":[],"class_list":{"0":"post-3646","1":"product","2":"type-product","3":"status-publish","4":"has-post-thumbnail","6":"product_cat-usluga","8":"first","9":"instock","10":"virtual","11":"taxable","12":"purchasable","13":"product-type-simple","14":"entry","15":"content-bg","16":"loop-entry"},"jetpack_sharing_enabled":true,"_links":{"self":[{"href":"https:\/\/ppbhc.com\/de\/wp-json\/wp\/v2\/product\/3646","targetHints":{"allow":["GET"]}}],"collection":[{"href":"https:\/\/ppbhc.com\/de\/wp-json\/wp\/v2\/product"}],"about":[{"href":"https:\/\/ppbhc.com\/de\/wp-json\/wp\/v2\/types\/product"}],"replies":[{"embeddable":true,"href":"https:\/\/ppbhc.com\/de\/wp-json\/wp\/v2\/comments?post=3646"}],"wp:featuredmedia":[{"embeddable":true,"href":"https:\/\/ppbhc.com\/de\/wp-json\/wp\/v2\/media\/3647"}],"wp:attachment":[{"href":"https:\/\/ppbhc.com\/de\/wp-json\/wp\/v2\/media?parent=3646"}],"wp:term":[{"taxonomy":"product_brand","embeddable":true,"href":"https:\/\/ppbhc.com\/de\/wp-json\/wp\/v2\/product_brand?post=3646"},{"taxonomy":"product_cat","embeddable":true,"href":"https:\/\/ppbhc.com\/de\/wp-json\/wp\/v2\/product_cat?post=3646"},{"taxonomy":"product_tag","embeddable":true,"href":"https:\/\/ppbhc.com\/de\/wp-json\/wp\/v2\/product_tag?post=3646"}],"curies":[{"name":"wp","href":"https:\/\/api.w.org\/{rel}","templated":true}]}}