{"id":3111,"date":"2023-10-18T11:29:31","date_gmt":"2023-10-18T09:29:31","guid":{"rendered":"https:\/\/ppbhc.com\/?post_type=product&#038;p=3111"},"modified":"2023-10-24T13:09:17","modified_gmt":"2023-10-24T11:09:17","slug":"pakiet-plodnosc","status":"publish","type":"product","link":"https:\/\/ppbhc.com\/de\/produkt\/pakiet-plodnosc\/","title":{"rendered":"PACKAGE: Fruchtbarkeit"},"content":{"rendered":"<p>Aus diesem Grund biete ich Ihnen meine Beratungsdienste im Bereich der Reproduktionsendokrinologie an, die sich auf eine langj\u00e4hrige Erfahrung st\u00fctzen und Ihnen helfen, die Faktoren zu verstehen, die zur Unfruchtbarkeit beitragen, sowie die Ergebnisse biochemischer, hormoneller oder anderer Tests zu verstehen und eventuelle Probleme klug und bewusst zu bew\u00e4ltigen.<br \/>\nMit meinem Wissen und meiner Erfahrung sind meine Konsultationen ein wertvoller Schritt bei der Suche nach einer L\u00f6sung von Spezialisten auf dem Gebiet sowie eine fundierte Wahl der besten L\u00f6sung.<br \/>\nDenken Sie daran, dass eine Beratung kein Heilmittel ist, aber sie kann den Stress, der mit diesem dramatischen Problem verbunden ist, aus Ihrer Sicht stark vereinfachen.<br \/>\nAm Anfang ist alles schwer, dann wird es leicht!<br \/>\n<strong>\u00dcberzeugen Sie sich selbst, indem Sie mich anrufen oder Ihr Problem in einer E-Mail schildern.<\/strong><\/p>\n<h6><span style=\"color: #a12520;\"><strong>Telefonischer Kontakt: 534 294 733<\/strong><\/span><br \/>\n<span style=\"color: #a12520;\"><strong>E-Mail-Kontakt: plodnosc@ppbhc.com<\/strong><\/span><\/h6>","protected":false},"excerpt":{"rendered":"<p>Nur wer die niederschmetternde Erstdiagnose, keine Kinder bekommen zu k\u00f6nnen - den wertvollsten Schatz unseres Seins - \u00fcberlebt hat, kann die Situation der Betroffenen verstehen.<br \/>\nAu\u00dferdem sind diese Menschen, die sich in einem Labyrinth aus unverst\u00e4ndlichen<br \/>\nmedizinische Begriffe, zitternd \u00fcber jedes r\u00e4tselhafte Ergebnis medizinischer Analysen, zusammengekauert mit einem immer schw\u00e4cher werdenden Funken sterbender Hoffnung auf... einen Schatz.<br \/>\n<strong>Geben Sie niemals auf - es gibt immer einen Ausweg!<\/strong><\/p>\n<h6><span style=\"color: #a12520;\"><strong>Telefonischer Kontakt: 534 294 733<\/strong><\/span><br \/>\n<span style=\"color: #a12520;\"><strong>E-Mail-Kontakt: plodnosc@ppbhc.com<\/strong><\/span><\/h6>","protected":false},"featured_media":3112,"comment_status":"open","ping_status":"closed","template":"","meta":{"_kad_post_transparent":"default","_kad_post_title":"","_kad_post_layout":"default","_kad_post_sidebar_id":"","_kad_post_content_style":"default","_kad_post_vertical_padding":"default","_kad_post_feature":"","_kad_post_feature_position":"","_kad_post_header":false,"_kad_post_footer":false,"_kad_post_classname":""},"product_brand":[],"product_cat":[24],"product_tag":[],"class_list":{"0":"post-3111","1":"product","2":"type-product","3":"status-publish","4":"has-post-thumbnail","6":"product_cat-usluga","8":"first","9":"instock","10":"taxable","11":"shipping-taxable","12":"product-type-simple","13":"entry","14":"content-bg","15":"loop-entry"},"jetpack_sharing_enabled":true,"_links":{"self":[{"href":"https:\/\/ppbhc.com\/de\/wp-json\/wp\/v2\/product\/3111","targetHints":{"allow":["GET"]}}],"collection":[{"href":"https:\/\/ppbhc.com\/de\/wp-json\/wp\/v2\/product"}],"about":[{"href":"https:\/\/ppbhc.com\/de\/wp-json\/wp\/v2\/types\/product"}],"replies":[{"embeddable":true,"href":"https:\/\/ppbhc.com\/de\/wp-json\/wp\/v2\/comments?post=3111"}],"wp:featuredmedia":[{"embeddable":true,"href":"https:\/\/ppbhc.com\/de\/wp-json\/wp\/v2\/media\/3112"}],"wp:attachment":[{"href":"https:\/\/ppbhc.com\/de\/wp-json\/wp\/v2\/media?parent=3111"}],"wp:term":[{"taxonomy":"product_brand","embeddable":true,"href":"https:\/\/ppbhc.com\/de\/wp-json\/wp\/v2\/product_brand?post=3111"},{"taxonomy":"product_cat","embeddable":true,"href":"https:\/\/ppbhc.com\/de\/wp-json\/wp\/v2\/product_cat?post=3111"},{"taxonomy":"product_tag","embeddable":true,"href":"https:\/\/ppbhc.com\/de\/wp-json\/wp\/v2\/product_tag?post=3111"}],"curies":[{"name":"wp","href":"https:\/\/api.w.org\/{rel}","templated":true}]}}