{"id":1554,"date":"2023-05-08T19:00:40","date_gmt":"2023-05-08T17:00:40","guid":{"rendered":"https:\/\/ppbhc.com\/?post_type=product&#038;p=1554"},"modified":"2025-09-03T17:11:52","modified_gmt":"2025-09-03T15:11:52","slug":"steel-durance","status":"publish","type":"product","link":"https:\/\/ppbhc.com\/de\/produkt\/steel-durance\/","title":{"rendered":"STAHLDAUERHAFTIGKEIT"},"content":{"rendered":"<p><strong>STAHLDAUERHAFTIGKEIT<\/strong> Nahrungserg\u00e4nzungsmittel in fl\u00fcssiger Form. Enth\u00e4lt S\u00fc\u00dfstoffe.<br \/>\nEine Formel, die die Aminos\u00e4uren Arginin und Citrullin kombiniert, angereichert mit Salbeiblattextrakt und rotem Spinat.<\/p>\n<p>Das Produkt ist f\u00fcr k\u00f6rperlich aktive Erwachsene bestimmt, insbesondere f\u00fcr Ausdauersportler.<\/p>\n<h6><span style=\"color: #000000;\">Produktvorteile:<\/span><\/h6>\n<ul>\n<li style=\"font-weight: 400;\" aria-level=\"1\"><span style=\"font-weight: 400;\">Geeignet sowohl f\u00fcr Kraft- als auch f\u00fcr Ausdauertraining.<\/span><\/li>\n<li style=\"font-weight: 400;\" aria-level=\"1\"><span style=\"font-weight: 400;\">Ein effektives Training ohne Koffein - ohne den Effekt einer \u00fcberm\u00e4\u00dfigen Reizung oder Stimulation.<\/span><\/li>\n<li style=\"font-weight: 400;\" aria-level=\"1\"><span style=\"font-weight: 400;\">Es kann sogar vor dem abendlichen Training eingenommen werden.<\/span><\/li>\n<li style=\"font-weight: 400;\" aria-level=\"1\"><span style=\"font-weight: 400;\">Enth\u00e4lt Antioxidantien, die freie Radikale bek\u00e4mpfen und Oxidationsprozesse hemmen und so zur Erhaltung von Gesundheit und Wohlbefinden beitragen (Salbei).<\/span><\/li>\n<\/ul>\n<h6><span style=\"color: #000000;\">Gewidmet f\u00fcr Einzelpersonen:<\/span><\/h6>\n<ul>\n<li>k\u00f6rperlich aktiv sein, um die Leistung beim Training\/bei der Arbeit zu steigern,<\/li>\n<li>die geistig arbeiten oder lernen, um ihre Leistung durch Inhaltsstoffe zu maximieren, die die kognitiven Funktionen stimulieren,<\/li>\n<li>Personen, die \u00fcber einen l\u00e4ngeren Zeitraum hinweg T\u00e4tigkeiten aus\u00fcben, um M\u00fcdigkeit und Erm\u00fcdung zu verringern, z. B. Fahrer auf langen Autofahrten.<\/li>\n<\/ul>\n<p><strong>Zutaten:<\/strong>\u00a0Wasser, Kombucha (fermentierter Tee - Wasser, schwarzer Tee, Zucker, Kombucha-Kulturen), L-Arginin, Extrakt aus rotem Spinatblatt (<em>Amaranthus dubius<\/em> L.), L-Citrullin, S\u00e4ureregulator Zitronens\u00e4ure; Apfelsaft aus Apfelsaftkonzentrat 20%, Salbeiblattextrakt (<em>Salvia officinalis<\/em> L.), S\u00fc\u00dfstoffe - Acesulfam K, Sucralose; Aromen.<\/p>\n<table>\n<tbody>\n<tr>\n<th style=\"text-align: left;\">N\u00e4hrwertbezogene Informationen<\/th>\n<th style=\"text-align: left;\">T\u00e4gliche Portion = 30 ml (\u00bd Schuss)<\/th>\n<\/tr>\n<tr>\n<td>Extrakt aus rotem Spinat<\/td>\n<td>2000 mg<\/td>\n<\/tr>\n<tr>\n<td>L-Arginin<\/td>\n<td>2000 mg<\/td>\n<\/tr>\n<tr>\n<td>L-Citrullin<\/td>\n<td>1500 mg<\/td>\n<\/tr>\n<tr>\n<td>Salbei-Extrakt<\/td>\n<td>400 mg<\/td>\n<\/tr>\n<\/tbody>\n<\/table>\n<p><strong>Empfohlene Tagesdosis<\/strong>Nehmen Sie 30 ml (2 x 15 ml) einmal t\u00e4glich, etwa 30-60 Minuten vor der k\u00f6rperlichen Aktivit\u00e4t, ein. Vor Gebrauch mehrmals sch\u00fctteln. Nach dem \u00d6ffnen im K\u00fchlschrank aufbewahren und innerhalb von 48 Stunden verbrauchen. Eventuell auftretende Ablagerungen und Kristallisationen sind nat\u00fcrliche Ph\u00e4nomene und beeintr\u00e4chtigen die Qualit\u00e4t des Produkts nicht. Die empfohlene Tagesdosis darf nicht \u00fcberschritten werden. Das Nahrungserg\u00e4nzungsmittel darf nicht als Ersatz f\u00fcr eine abwechslungsreiche Ern\u00e4hrung verwendet werden. Eine ausgewogene Ern\u00e4hrung und eine gesunde Lebensweise werden empfohlen. Au\u00dferhalb der Reichweite von Kleinkindern aufbewahren.<\/p>\n<p><strong>Achtung<\/strong>: Das Produkt wird nicht bei Hypotonie empfohlen. Nicht in Kombination mit Medikamenten speziell gegen Bluthochdruck verwenden. Nicht empfohlen, wenn Sie schwanger sind oder stillen oder wenn Sie \u00fcberempfindlich auf einen der Inhaltsstoffe des Produkts reagieren.<\/p>\n<p><strong>Lagerung:<\/strong> bei Raumtemperatur, entfernt von direkten W\u00e4rmequellen.<\/p>\n<p>&nbsp;<\/p>","protected":false},"excerpt":{"rendered":"<p>STEEL DURANCE Fl\u00fcssiges Nahrungserg\u00e4nzungsmittel. Enth\u00e4lt S\u00fc\u00dfungsmittel. Eine Formel, die die Aminos\u00e4uren Arginin und Citrullin kombiniert, angereichert mit Salbeiblattextrakt und rotem Spinat. Das Produkt ist f\u00fcr k\u00f6rperlich aktive Erwachsene bestimmt, insbesondere f\u00fcr diejenigen, die Ausdauersport betreiben. Produktvorteile: Sowohl f\u00fcr Kraft- als auch f\u00fcr Ausdauertraining geeignet Effektives Training ohne Zusatz von Koffein - ohne die Wirkung einer \u00fcberm\u00e4\u00dfigen Reizung...<\/p>","protected":false},"featured_media":4626,"comment_status":"open","ping_status":"closed","template":"","meta":{"_kad_post_transparent":"default","_kad_post_title":"","_kad_post_layout":"default","_kad_post_sidebar_id":"","_kad_post_content_style":"default","_kad_post_vertical_padding":"default","_kad_post_feature":"","_kad_post_feature_position":"","_kad_post_header":false,"_kad_post_footer":false,"_kad_post_classname":""},"product_brand":[],"product_cat":[23],"product_tag":[26],"class_list":{"0":"post-1554","1":"product","2":"type-product","3":"status-publish","4":"has-post-thumbnail","6":"product_cat-produkt","7":"product_tag-sd","9":"first","10":"instock","11":"taxable","12":"shipping-taxable","13":"product-type-grouped","14":"entry","15":"content-bg","16":"loop-entry"},"jetpack_sharing_enabled":true,"_links":{"self":[{"href":"https:\/\/ppbhc.com\/de\/wp-json\/wp\/v2\/product\/1554","targetHints":{"allow":["GET"]}}],"collection":[{"href":"https:\/\/ppbhc.com\/de\/wp-json\/wp\/v2\/product"}],"about":[{"href":"https:\/\/ppbhc.com\/de\/wp-json\/wp\/v2\/types\/product"}],"replies":[{"embeddable":true,"href":"https:\/\/ppbhc.com\/de\/wp-json\/wp\/v2\/comments?post=1554"}],"wp:featuredmedia":[{"embeddable":true,"href":"https:\/\/ppbhc.com\/de\/wp-json\/wp\/v2\/media\/4626"}],"wp:attachment":[{"href":"https:\/\/ppbhc.com\/de\/wp-json\/wp\/v2\/media?parent=1554"}],"wp:term":[{"taxonomy":"product_brand","embeddable":true,"href":"https:\/\/ppbhc.com\/de\/wp-json\/wp\/v2\/product_brand?post=1554"},{"taxonomy":"product_cat","embeddable":true,"href":"https:\/\/ppbhc.com\/de\/wp-json\/wp\/v2\/product_cat?post=1554"},{"taxonomy":"product_tag","embeddable":true,"href":"https:\/\/ppbhc.com\/de\/wp-json\/wp\/v2\/product_tag?post=1554"}],"curies":[{"name":"wp","href":"https:\/\/api.w.org\/{rel}","templated":true}]}}