{"id":1086,"date":"2023-04-21T11:09:02","date_gmt":"2023-04-21T09:09:02","guid":{"rendered":"http:\/\/wordpress2302135.home.pl\/ppbhc-robocza\/?post_type=product&#038;p=1086"},"modified":"2023-07-14T12:26:30","modified_gmt":"2023-07-14T10:26:30","slug":"rejestracja-produktow","status":"publish","type":"product","link":"https:\/\/ppbhc.com\/de\/produkt\/rejestracja-produktow\/","title":{"rendered":"Registrierung von Produkten aus verschiedenen gesetzlichen Gruppen von Lebensmitteln, Arzneimitteln und Medizinprodukten"},"content":{"rendered":"","protected":false},"excerpt":{"rendered":"<p>REGISTRIERUNG VON PRODUKTEN AUS VERSCHIEDENEN GESETZLICHEN GRUPPEN VON LEBENSMITTELN, ARZNEIMITTELN UND MEDIZINPRODUKTEN<\/p>\n<p>Wir bieten Ihnen eine breite Palette von Dienstleistungen, darunter:<br \/>\n1) Nahrungserg\u00e4nzungsmittel\/Speziallebensmittel f\u00fcr medizinische Zwecke\/Funktionelle Lebensmittel:<br \/>\n- Beratung \u00fcber die M\u00f6glichkeit, das betreffende Produkt zu vermarkten<br \/>\n- Produktzulassung auf dem polnischen Markt (GIS-Meldungen) und auf ausgew\u00e4hlten ausl\u00e4ndischen M\u00e4rkten<br \/>\n- Erstellung der f\u00fcr die Anmeldung des Produkts erforderlichen Unterlagen<br \/>\n- Unterst\u00fctzung bei der Erstellung von attraktiven Etiketten, die den geltenden Rechtsvorschriften entsprechen<br \/>\n2) Medizinische Ger\u00e4te<br \/>\n3) Medizinische Produkte<br \/>\n- Konsultation zu regulatorischen Angelegenheiten<br \/>\n- Durchf\u00fchrung von Registrierungsverfahren f\u00fcr Arzneimittel im Auftrag der zust\u00e4ndigen Stelle<br \/>\n- Durchf\u00fchrung der R\u00fcckmeldung<br \/>\n- Erstellung ausgew\u00e4hlter Teile des Registrierungsdossiers<\/p>","protected":false},"featured_media":2402,"comment_status":"open","ping_status":"closed","template":"","meta":{"_kad_post_transparent":"default","_kad_post_title":"","_kad_post_layout":"default","_kad_post_sidebar_id":"","_kad_post_content_style":"default","_kad_post_vertical_padding":"default","_kad_post_feature":"","_kad_post_feature_position":"","_kad_post_header":false,"_kad_post_footer":false,"_kad_post_classname":""},"product_brand":[],"product_cat":[24],"product_tag":[],"class_list":{"0":"post-1086","1":"product","2":"type-product","3":"status-publish","4":"has-post-thumbnail","6":"product_cat-usluga","8":"first","9":"instock","10":"taxable","11":"shipping-taxable","12":"product-type-external","13":"entry","14":"content-bg","15":"loop-entry"},"jetpack_sharing_enabled":true,"_links":{"self":[{"href":"https:\/\/ppbhc.com\/de\/wp-json\/wp\/v2\/product\/1086","targetHints":{"allow":["GET"]}}],"collection":[{"href":"https:\/\/ppbhc.com\/de\/wp-json\/wp\/v2\/product"}],"about":[{"href":"https:\/\/ppbhc.com\/de\/wp-json\/wp\/v2\/types\/product"}],"replies":[{"embeddable":true,"href":"https:\/\/ppbhc.com\/de\/wp-json\/wp\/v2\/comments?post=1086"}],"wp:featuredmedia":[{"embeddable":true,"href":"https:\/\/ppbhc.com\/de\/wp-json\/wp\/v2\/media\/2402"}],"wp:attachment":[{"href":"https:\/\/ppbhc.com\/de\/wp-json\/wp\/v2\/media?parent=1086"}],"wp:term":[{"taxonomy":"product_brand","embeddable":true,"href":"https:\/\/ppbhc.com\/de\/wp-json\/wp\/v2\/product_brand?post=1086"},{"taxonomy":"product_cat","embeddable":true,"href":"https:\/\/ppbhc.com\/de\/wp-json\/wp\/v2\/product_cat?post=1086"},{"taxonomy":"product_tag","embeddable":true,"href":"https:\/\/ppbhc.com\/de\/wp-json\/wp\/v2\/product_tag?post=1086"}],"curies":[{"name":"wp","href":"https:\/\/api.w.org\/{rel}","templated":true}]}}