{"id":1063,"date":"2023-04-21T17:03:16","date_gmt":"2023-04-21T15:03:16","guid":{"rendered":"http:\/\/wordpress2302135.home.pl\/ppbhc-robocza\/?post_type=product&#038;p=1063"},"modified":"2025-11-14T12:32:54","modified_gmt":"2025-11-14T11:32:54","slug":"pakiet-1-plan-dietetyczny-treningowy","status":"publish","type":"product","link":"https:\/\/ppbhc.com\/de\/produkt\/pakiet-1-plan-dietetyczny-treningowy\/","title":{"rendered":"PAKET 1: Di\u00e4t + Trainingsplan"},"content":{"rendered":"<p>Erster Besuch mit ausf\u00fchrlicher Problemdiagnose, Ern\u00e4hrungsgespr\u00e4ch und Vorschlag eines ersten personalisierten Ern\u00e4hrungsplans zusammen mit der erforderlichen Nahrungserg\u00e4nzung und pharmakologischen Beratung (falls erforderlich).<\/p>\n<p>Erster Besuch, verbunden mit einem Gespr\u00e4ch \u00fcber die k\u00f6rperliche Aktivit\u00e4t, die gesetzten Ziele und wie man sie aktiv erreichen kann. Trainingsplan f\u00fcr einen neuen Mikro-\/Makro-Zyklus, Vorbereitungsphase f\u00fcr Sportwettk\u00e4mpfe oder Fitness-Pr\u00fcfungen.<\/p>","protected":false},"excerpt":{"rendered":"<p>Erster Besuch mit ausf\u00fchrlicher Problemdiagnose, Ern\u00e4hrungsgespr\u00e4ch und Vorschlag eines ersten personalisierten Ern\u00e4hrungsplans zusammen mit der erforderlichen Nahrungserg\u00e4nzung und pharmakologischen Beratung (falls erforderlich).<\/p>\n<p>Erster Besuch, verbunden mit einem Gespr\u00e4ch \u00fcber die k\u00f6rperliche Aktivit\u00e4t, die gesetzten Ziele und wie man sie aktiv erreichen kann. Trainingsplan f\u00fcr einen neuen Mikro-\/Makro-Zyklus, Vorbereitungsphase f\u00fcr Sportwettk\u00e4mpfe oder Fitness-Pr\u00fcfungen.<\/p>\n<p><b>Das Paket umfasst 60 Tage Pflege.<\/b><\/p>","protected":false},"featured_media":3795,"comment_status":"open","ping_status":"closed","template":"","meta":{"_kad_post_transparent":"default","_kad_post_title":"","_kad_post_layout":"default","_kad_post_sidebar_id":"","_kad_post_content_style":"default","_kad_post_vertical_padding":"default","_kad_post_feature":"","_kad_post_feature_position":"","_kad_post_header":false,"_kad_post_footer":false,"_kad_post_classname":""},"product_brand":[],"product_cat":[32,24],"product_tag":[],"class_list":{"0":"post-1063","1":"product","2":"type-product","3":"status-publish","4":"has-post-thumbnail","6":"product_cat-spersonalizowana-dieta","7":"product_cat-usluga","9":"first","10":"instock","11":"taxable","12":"shipping-taxable","13":"purchasable","14":"product-type-variable","15":"has-default-attributes","16":"entry","17":"content-bg","18":"loop-entry"},"jetpack_sharing_enabled":true,"_links":{"self":[{"href":"https:\/\/ppbhc.com\/de\/wp-json\/wp\/v2\/product\/1063","targetHints":{"allow":["GET"]}}],"collection":[{"href":"https:\/\/ppbhc.com\/de\/wp-json\/wp\/v2\/product"}],"about":[{"href":"https:\/\/ppbhc.com\/de\/wp-json\/wp\/v2\/types\/product"}],"replies":[{"embeddable":true,"href":"https:\/\/ppbhc.com\/de\/wp-json\/wp\/v2\/comments?post=1063"}],"wp:featuredmedia":[{"embeddable":true,"href":"https:\/\/ppbhc.com\/de\/wp-json\/wp\/v2\/media\/3795"}],"wp:attachment":[{"href":"https:\/\/ppbhc.com\/de\/wp-json\/wp\/v2\/media?parent=1063"}],"wp:term":[{"taxonomy":"product_brand","embeddable":true,"href":"https:\/\/ppbhc.com\/de\/wp-json\/wp\/v2\/product_brand?post=1063"},{"taxonomy":"product_cat","embeddable":true,"href":"https:\/\/ppbhc.com\/de\/wp-json\/wp\/v2\/product_cat?post=1063"},{"taxonomy":"product_tag","embeddable":true,"href":"https:\/\/ppbhc.com\/de\/wp-json\/wp\/v2\/product_tag?post=1063"}],"curies":[{"name":"wp","href":"https:\/\/api.w.org\/{rel}","templated":true}]}}