{"id":3,"date":"2023-03-15T13:27:33","date_gmt":"2023-03-15T12:27:33","guid":{"rendered":"http:\/\/wordpress2302135.home.pl\/ppbhc-robocza\/?page_id=3"},"modified":"2023-05-25T10:25:48","modified_gmt":"2023-05-25T08:25:48","slug":"polityka-prywatnosci","status":"publish","type":"page","link":"https:\/\/ppbhc.com\/de\/polityka-prywatnosci\/","title":{"rendered":"Datenschutzbestimmungen"},"content":{"rendered":"<div data-elementor-type=\"wp-page\" data-elementor-id=\"3\" class=\"elementor elementor-3\">\n\t\t\t\t\t\t<section class=\"elementor-section elementor-top-section elementor-element elementor-element-e790bcf elementor-section-boxed elementor-section-height-default elementor-section-height-default\" data-id=\"e790bcf\" data-element_type=\"section\" data-e-type=\"section\">\n\t\t\t\t\t\t<div class=\"elementor-container elementor-column-gap-default\">\n\t\t\t\t\t<div class=\"elementor-column elementor-col-100 elementor-top-column elementor-element elementor-element-954b012\" data-id=\"954b012\" data-element_type=\"column\" data-e-type=\"column\">\n\t\t\t<div class=\"elementor-widget-wrap elementor-element-populated\">\n\t\t\t\t\t\t<div class=\"elementor-element elementor-element-28749d2 elementor-widget elementor-widget-heading\" data-id=\"28749d2\" data-element_type=\"widget\" data-e-type=\"widget\" data-widget_type=\"heading.default\">\n\t\t\t\t<div class=\"elementor-widget-container\">\n\t\t\t\t\t<h2 class=\"elementor-heading-title elementor-size-default\">Datenschutzbestimmungen<\/h2>\t\t\t\t<\/div>\n\t\t\t\t<\/div>\n\t\t\t\t<div class=\"elementor-element elementor-element-0a45fc0 elementor-widget elementor-widget-text-editor\" data-id=\"0a45fc0\" data-element_type=\"widget\" data-e-type=\"widget\" data-widget_type=\"text-editor.default\">\n\t\t\t\t<div class=\"elementor-widget-container\">\n\t\t\t\t\t\t\t\t\tDATENSCHUTZERKL\u00c4RUNG F\u00dcR DIE WEBSITE <strong>Piotr Kaczka - Professionelle Pharma-, K\u00f6rper- und Gesundheitsberatung - <\/strong>verf\u00fcgbar unter <a href=\"https:\/\/ppbhc.com\/de\/\">www.ppbhc.com<\/a>\n\nLieber Benutzer!\n\nWir k\u00fcmmern uns um Ihre Privatsph\u00e4re und m\u00f6chten, dass Sie sich bei der Nutzung unserer Dienste wohl f\u00fchlen. Nachfolgend finden Sie die wichtigsten Informationen \u00fcber die Grunds\u00e4tze unserer Verarbeitung Ihrer personenbezogenen Daten und die Cookies, die von unserem Dienst verwendet werden. Ihre Daten werden in \u00dcbereinstimmung mit dem Gesetz zum Schutz personenbezogener Daten vom 10. Mai 2018 verarbeitet. (d.h. Gesetzblatt 2019, Punkt 1781), gem\u00e4\u00df den Bestimmungen der Verordnung (EU) 2016\/679 des Europ\u00e4ischen Parlaments und des Rates vom 27. April 2016 zum Schutz nat\u00fcrlicher Personen bei der Verarbeitung personenbezogener Daten, zum freien Datenverkehr und zur Aufhebung der Richtlinie 95\/46\/EG (im Folgenden \"RODO-Verordnung\") und dem Gesetz \u00fcber die Erbringung elektronischer Dienstleistungen vom 18. Juli 2002 (d.h. Gesetzblatt 2020, Punkt 344).\n<ol>\n \t<li>Verantwortlicher f\u00fcr die personenbezogenen Daten.<\/li>\n<\/ol>\nDer Verwalter der personenbezogenen Daten der Nutzer der Website www.ppbhc.com (im Folgenden Verwalter genannt), d.h. der f\u00fcr die Sicherheit Ihrer personenbezogenen Daten Verantwortliche, ist: Piotr Kaczka, der seine T\u00e4tigkeit unter dem Namen: Piotr Kaczka-Professional Pharma, Body And Health Consulting, mit Sitz in: 35-205 Rzesz\u00f3w, ul. Warszawska 39, NIP: 538-161-47-17, REGON 389676871, E-Mail Adresse: <a href=\"mailto:piotr.kaczka@ppbhc.com\">piotr.kaczka@ppbhc.com<\/a> in das Zentralregister und Informationen \u00fcber die Gesch\u00e4ftst\u00e4tigkeit (CEIDG) eingetragen.\n<ol start=\"2\">\n \t<li>Grundlage der Datenverarbeitung.<\/li>\n<\/ol>\n<ul>\n \t<li>Der f\u00fcr die Verarbeitung Verantwortliche ist berechtigt, personenbezogene Daten zu verarbeiten, wenn eine oder mehrere der folgenden Bedingungen erf\u00fcllt sind:<\/li>\n<\/ul>\n<ol>\n \t<li>die betroffene Person hat in die Verarbeitung ihrer personenbezogenen Daten f\u00fcr einen oder mehrere bestimmte Zwecke eingewilligt,<\/li>\n \t<li>die Verarbeitung ist f\u00fcr die Erf\u00fcllung eines Vertrags, dessen Vertragspartei die betroffene Person ist, oder f\u00fcr Ma\u00dfnahmen erforderlich, die auf Antrag der betroffenen Person vor Abschluss eines Vertrags getroffen werden,<\/li>\n \t<li>die Verarbeitung ist f\u00fcr die Erf\u00fcllung einer rechtlichen Verpflichtung des Verwalters erforderlich,<\/li>\n \t<li>die Verarbeitung ist zur Wahrung der berechtigten Interessen des Verwalters oder eines Dritten erforderlich.<\/li>\n<\/ol>\n<ul>\n \t<li>Die Verarbeitung personenbezogener Daten durch den Administrator erfordert in jedem Fall das Vorliegen mindestens eines der oben genannten Gr\u00fcnde. Besondere Gr\u00fcnde f\u00fcr die Verarbeitung personenbezogener Daten der Nutzer der Website <a href=\"https:\/\/ppbhc.com\/de\/\">ppbhc.com<\/a> des Verwalters sind nachstehend aufgef\u00fchrt.<\/li>\n<\/ul>\n<ol start=\"3\">\n \t<li>Zweck der Datenverarbeitung.<\/li>\n<\/ol>\n<ul>\n \t<li>Der Zweck der Datenverarbeitung ergibt sich aus den Aktivit\u00e4ten des Website-Nutzers und des Administrators.<\/li>\n \t<li>Der f\u00fcr die Verarbeitung Verantwortliche verarbeitet personenbezogene Daten f\u00fcr die folgenden Zwecke:<\/li>\n<\/ul>\n<table width=\"590\" border=\"1\">\n<tbody >\n<tr>\n<td width=\"184\"><strong>Zweck der Datenverarbeitung<\/strong><\/td>\n<td width=\"406\"><strong>Rechtsgrundlage f\u00fcr die Verarbeitung und Aufbewahrungsfrist der Daten<\/strong><\/td>\n<\/tr>\n<tr>\n<td width=\"184\">\n<p style=\"text-align: left;\"><strong>Der Vertrag \u00fcber die Erbringung von Dienstleistungen oder die auf Ihren Wunsch hin unternommenen Schritte zum Vertragsabschluss.<\/strong><\/p>\n<\/td>\n<td width=\"406\"><em>Artikel 6 Absatz 1 Buchstaben a und b der RODO-Verordnung (die betroffene Person hat in die Verarbeitung ihrer personenbezogenen Daten eingewilligt, und\/oder die Verarbeitung ist f\u00fcr die Erf\u00fcllung eines Vertrags, dessen Vertragspartei die betroffene Person ist, oder f\u00fcr Ma\u00dfnahmen erforderlich, die auf Antrag der betroffenen Person vor Abschluss eines Vertrags getroffen werden).<\/em>\n\n<em>\u00a0<\/em>\n\nDie Daten werden so lange gespeichert, wie es f\u00fcr die Erf\u00fcllung, die Beendigung oder den Ablauf des geschlossenen Vertrags erforderlich ist, oder bis die erteilte Einwilligung widerrufen wird.<\/td>\n<\/tr>\n<tr>\n<td width=\"184\"><strong>Marketing, einschlie\u00dflich Direktmarketing.<\/strong><\/td>\n<td width=\"406\"><em>Artikel 6 Absatz 1 Buchstabe f der RODO-Verordnung (die Verarbeitung ist zur Wahrung der berechtigten Interessen des f\u00fcr die Verarbeitung Verantwortlichen oder eines Dritten erforderlich) und Artikel 6 Absatz 1 Buchstabe a der RODO-Verordnung (die betroffene Person hat in die Verarbeitung ihrer personenbezogenen Daten durch den f\u00fcr die Verarbeitung Verantwortlichen zu Marketingzwecken eingewilligt).<\/em>\n\n<em>\u00a0<\/em>\n\nDie Daten werden f\u00fcr die Dauer des von dem f\u00fcr die Verarbeitung Verantwortlichen verfolgten berechtigten Interesses gespeichert. Der f\u00fcr die Verarbeitung Verantwortliche darf die Daten im Falle eines wirksamen Widerspruchs der betroffenen Person nicht f\u00fcr Zwecke der Direktwerbung verarbeiten. Im Falle von Daten, die aufgrund einer Einwilligung gespeichert wurden, werden die Daten so lange gespeichert, bis die betroffene Person ihre Einwilligung zur weiteren Verarbeitung der Daten f\u00fcr den oben genannten Zweck widerruft.<\/td>\n<\/tr>\n<tr>\n<td width=\"184\"><strong>Nutzung der Website und Gew\u00e4hrleistung ihres ordnungsgem\u00e4\u00dfen Betriebs.<\/strong><\/td>\n<td width=\"406\"><em>Artikel 6 Absatz 1 Buchstabe f der RODO-Verordnung (die Verarbeitung ist zur Wahrung der berechtigten Interessen des Administrators erforderlich, die im Betrieb und der Pflege der Website bestehen).<\/em>\n\n<em>\u00a0<\/em>\n\nDie Daten werden f\u00fcr die Dauer des Bestehens des vom Verwalter verfolgten berechtigten Interesses gespeichert, jedoch nicht l\u00e4nger als f\u00fcr die Dauer der Verj\u00e4hrung von Anspr\u00fcchen des Verwalters gegen\u00fcber der betroffenen Person aufgrund der Gesch\u00e4ftst\u00e4tigkeit des Verwalters. Die Verj\u00e4hrungsfrist richtet sich nach dem Gesetz, insbesondere dem B\u00fcrgerlichen Gesetzbuch (die grunds\u00e4tzliche Verj\u00e4hrungsfrist f\u00fcr Anspr\u00fcche im Zusammenhang mit der Aus\u00fcbung der Gesch\u00e4ftst\u00e4tigkeit betr\u00e4gt drei Jahre).<\/td>\n<\/tr>\n<tr>\n<td width=\"184\"><strong>F\u00fchrung von Statistiken und Analyse des Datenverkehrs auf der Website.<\/strong><\/td>\n<td width=\"406\"><em>Artikel 6 Absatz 1 Buchstabe f der RODO-Verordnung (die Verarbeitung ist zur Wahrung der berechtigten Interessen des Verwalters erforderlich, d. h. zur Erstellung von Statistiken und zur Analyse des Datenverkehrs auf der Website, um deren Funktionsweise zu verbessern und\/oder die Reichweite der angebotenen Dienste zu erh\u00f6hen).<\/em>\n\n<em>\u00a0<\/em>\n\nDie Daten werden f\u00fcr die Dauer des Bestehens des vom Verwalter verfolgten berechtigten Interesses gespeichert, jedoch nicht l\u00e4nger als f\u00fcr die Dauer der Verj\u00e4hrung von Anspr\u00fcchen des Verwalters gegen\u00fcber der betroffenen Person im Zusammenhang mit der Gesch\u00e4ftst\u00e4tigkeit des Verwalters. Die Verj\u00e4hrungsfrist richtet sich nach dem Gesetz, insbesondere dem B\u00fcrgerlichen Gesetzbuch (die grunds\u00e4tzliche Verj\u00e4hrungsfrist f\u00fcr Anspr\u00fcche im Zusammenhang mit der Aus\u00fcbung der Gesch\u00e4ftst\u00e4tigkeit betr\u00e4gt drei Jahre).<\/td>\n<\/tr>\n<tr>\n<td width=\"184\"><strong>Buchhaltung, juristische Dienstleistungen<\/strong><\/td>\n<td width=\"406\"><em>Artikel 6 Absatz 1 Buchstaben c und f der RODO-Verordnung (die Verarbeitung ist f\u00fcr die Erf\u00fcllung einer dem Verwalter obliegenden rechtlichen Verpflichtung und\/oder zur Wahrung seiner berechtigten Interessen erforderlich).<\/em>\n\n<em>\u00a0<\/em>\n\nDie Daten werden f\u00fcr einen Zeitraum von 5 Jahren gespeichert, beginnend mit dem Beginn des Jahres, das auf das Haushaltsjahr folgt, auf das sich die Daten beziehen, und\/oder f\u00fcr die Dauer des von dem f\u00fcr die Verarbeitung Verantwortlichen verfolgten berechtigten Interesses.<\/td>\n<\/tr>\n<\/tbody>\n<\/table>\n&nbsp;\n<ul>\n \t<li>Die Angabe der Daten ist freiwillig, kann aber in einigen F\u00e4llen f\u00fcr den Abschluss eines Vertrages erforderlich sein.<\/li>\n \t<li>Die Nichtbereitstellung von Daten kann zur Folge haben, dass nicht alle Funktionen der Website genutzt werden k\u00f6nnen, einschlie\u00dflich:<\/li>\n<\/ul>\n<ol>\n \t<li>nicht in der Lage zu sein, sich auf der Website zu registrieren,<\/li>\n \t<li>keine Informationen \u00fcber Webinare, Schulungen, Konferenzen und Werbeaktionen erhalten zu k\u00f6nnen.<\/li>\n \t<li>Empf\u00e4nger der Daten.<\/li>\n<\/ol>\n<ul>\n \t<li>F\u00fcr das ordnungsgem\u00e4\u00dfe Funktionieren der Website ist es erforderlich, dass der Administrator die Dienste Dritter (z. B. eines Softwareanbieters) in Anspruch nimmt. Der Administrator nimmt nur die Dienste solcher Auftragsverarbeiter in Anspruch, die ausreichende Garantien f\u00fcr die Umsetzung geeigneter technischer und organisatorischer Ma\u00dfnahmen bieten, damit die Verarbeitung den Anforderungen der RODO-Verordnung entspricht und die Rechte der betroffenen Personen sch\u00fctzt.<\/li>\n \t<li>Der f\u00fcr die Verarbeitung Verantwortliche \u00fcbermittelt Daten nur, wenn dies f\u00fcr den spezifischen Zweck der Verarbeitung personenbezogener Daten erforderlich ist, und nur in dem Umfang, der zur Erf\u00fcllung dieses Zwecks notwendig ist.<\/li>\n \t<li>Personenbezogene Daten von Website-Nutzern k\u00f6nnen an die folgenden Empf\u00e4nger \u00fcbermittelt werden:<\/li>\n<\/ul>\n<ol>\n \t<li>an Zahlungsabwickler und Auftragsauslieferer im Falle des Kaufs von auf der Website angebotenen Waren durch den Nutzer,<\/li>\n \t<li>Dienstleister, die den Administrator mit technischen, IT- und organisatorischen L\u00f6sungen versorgen. Dazu geh\u00f6ren Anbieter von Computersoftware f\u00fcr den Betrieb des Webportals, E-Mail- und Hosting-Anbieter sowie Anbieter von Software f\u00fcr die Unternehmensf\u00fchrung und technische Unterst\u00fctzung des Verwalters,<\/li>\n \t<li>Anbieter von Buchhaltungs-, Rechts- oder Beratungsdienstleistungen, die den Verwalter in den Bereichen Buchhaltung, Recht oder Beratung unterst\u00fctzen. Der Verwalter stellt die gesammelten personenbezogenen Daten des Nutzers dem ausgew\u00e4hlten Anbieter, der in seinem Namen handelt, nur in dem Fall und in dem Umfang zur Verf\u00fcgung, der zur Erf\u00fcllung des gegebenen Zwecks der Datenverarbeitung in \u00dcbereinstimmung mit dieser Datenschutzerkl\u00e4rung erforderlich ist.<\/li>\n \t<li>Rechte der betroffenen Person.<\/li>\n<\/ol>\n<ul>\n \t<li>Die betroffene Person hat das Recht, von dem f\u00fcr die Verarbeitung Verantwortlichen Zugang zu ihren personenbezogenen Daten, deren Berichtigung, L\u00f6schung oder Einschr\u00e4nkung zu verlangen und der Verarbeitung zu widersprechen, sowie das Recht auf Daten\u00fcbertragbarkeit. Die genauen Bedingungen sind in den Artikeln 15-21 der RODO-Verordnung aufgef\u00fchrt.<\/li>\n \t<li>Die Person, deren Daten von dem f\u00fcr die Verarbeitung Verantwortlichen auf der Grundlage von Artikel 6 Absatz 1 Buchstabe a oder Artikel 9 Absatz 2 Buchstabe a der RODO-Verordnung verarbeitet werden, hat das Recht, ihre Einwilligung jederzeit zu widerrufen, ohne dass die Rechtm\u00e4\u00dfigkeit der auf der Grundlage der Einwilligung vor deren Widerruf erfolgten Verarbeitung ber\u00fchrt wird.<\/li>\n \t<li>Die Person, deren Daten von dem f\u00fcr die Verarbeitung Verantwortlichen verarbeitet werden, hat das Recht, eine Beschwerde bei der Aufsichtsbeh\u00f6rde in der Art und Weise einzureichen, die in den Bestimmungen der RODO-Verordnung und im polnischen Recht festgelegt ist. Die Aufsichtsbeh\u00f6rde in Polen ist der Pr\u00e4sident des Amtes f\u00fcr den Schutz personenbezogener Daten.<\/li>\n \t<li>Die betroffene Person hat das Recht, jederzeit Einspruch zu erheben<\/li>\n<\/ul>\n<ol>\n \t<li>aus Gr\u00fcnden, die sich aus ihrer besonderen Situation ergeben, gegen die Verarbeitung sie betreffender personenbezogener Daten, die aufgrund von Artikel 6 Absatz 1 Buchstabe f DSGVO erfolgt (d. h. berechtigte Interessen, die von dem f\u00fcr die Verarbeitung Verantwortlichen verfolgt werden), Widerspruch einzulegen; dies gilt auch f\u00fcr ein auf diese Bestimmungen gest\u00fctztes Profiling, sofern dies m\u00f6glich ist,<\/li>\n \t<li>wenn personenbezogene Daten f\u00fcr Zwecke der Direktwerbung, einschlie\u00dflich Profiling, verarbeitet werden, soweit die Verarbeitung mit dieser Direktwerbung zusammenh\u00e4ngt.<\/li>\n<\/ol>\n<ul>\n \t<li>Um die in diesem Abschnitt der Datenschutzrichtlinie genannten Rechte auszu\u00fcben, kann der Verwalter kontaktiert werden, indem eine entsprechende schriftliche Mitteilung per E-Mail an die zu Beginn der Datenschutzrichtlinie angegebene Adresse des Verwalters gesendet wird.<\/li>\n<\/ul>\n<ol start=\"6\">\n \t<li>Cookies auf der Website <a href=\"https:\/\/ppbhc.com\/de\/\">ppbhc.com<\/a><\/li>\n<\/ol>\n<ul>\n \t<li>Cookies sind kleine Informationseinheiten in Form von Textdateien, die von einem Server gesendet werden.<\/li>\n \t<li>Unsere Website verwendet, wie die meisten Websites, Cookies. Diese Dateien:<\/li>\n<\/ul>\n<ol>\n \t<li>auf Ihrem Ger\u00e4t (Computer, Telefon usw.) gespeichert sind,<\/li>\n \t<li>erm\u00f6glichen es Ihnen unter anderem, alle Funktionen der Website zu nutzen,<\/li>\n \t<li>verursachen Sie keine \u00c4nderungen an den Einstellungen Ihres Ger\u00e4ts.<\/li>\n<\/ol>\n<ul>\n \t<li>\u00dcber die entsprechenden Optionen Ihres Browsers k\u00f6nnen Sie das jederzeit tun:<\/li>\n<\/ul>\n<ol>\n \t<li>Cookies l\u00f6schen,<\/li>\n \t<li>die k\u00fcnftige Verwendung von Cookies blockieren<\/li>\n<\/ol>\n<ul>\n \t<li>Cookies werden auf der Website f\u00fcr folgende Zwecke verwendet:<\/li>\n<\/ul>\n<ol>\n \t<li>die Erinnerung an Ihre Sitzungsdaten,<\/li>\n \t<li>Statistik,<\/li>\n \t<li>Marketing,<\/li>\n \t<li>die Bereitstellung der wichtigsten Funktionen der Website.<\/li>\n<\/ol>\n<ul>\n \t<li>In der Hilfedatei Ihres Browsers k\u00f6nnen Sie nachlesen, wie Sie Cookies verwalten k\u00f6nnen und wie Sie sie in Ihrem Browser deaktivieren k\u00f6nnen.<\/li>\n \t<li>Wenn Sie die Verwendung von Cookies in Ihren Browsereinstellungen nicht deaktivieren, bedeutet dies, dass Sie mit deren Verwendung einverstanden sind.<\/li>\n \t<li>Wenn Sie zus\u00e4tzliche Informationen ben\u00f6tigen, k\u00f6nnen Sie sich schriftlich an die oben angegebene E-Mail-Adresse an den Administrator wenden.<\/li>\n<\/ul>\t\t\t\t\t\t\t\t<\/div>\n\t\t\t\t<\/div>\n\t\t\t\t\t<\/div>\n\t\t<\/div>\n\t\t\t\t\t<\/div>\n\t\t<\/section>\n\t\t\t\t<\/div>","protected":false},"excerpt":{"rendered":"<p>PRIVACY POLICY OF THE INTERNET SERVICE Piotr Kaczka - Professional Pharma, Body and Health Consulting - verf\u00fcgbar unter www.ppbhc.com Sehr geehrter Benutzer! Wir k\u00fcmmern uns um Ihre Privatsph\u00e4re und m\u00f6chten, dass Sie sich bei der Nutzung unserer Dienste wohl f\u00fchlen. Nachstehend finden Sie die wichtigsten Informationen \u00fcber die Grunds\u00e4tze unserer Verarbeitung Ihrer pers\u00f6nlichen Daten und die...<\/p>","protected":false},"author":37,"featured_media":0,"parent":0,"menu_order":0,"comment_status":"closed","ping_status":"closed","template":"","meta":{"_kad_post_transparent":"","_kad_post_title":"hide","_kad_post_layout":"fullwidth","_kad_post_sidebar_id":"","_kad_post_content_style":"unboxed","_kad_post_vertical_padding":"hide","_kad_post_feature":"hide","_kad_post_feature_position":"","_kad_post_header":false,"_kad_post_footer":false,"_kad_post_classname":"","footnotes":""},"class_list":["post-3","page","type-page","status-publish","hentry"],"jetpack_sharing_enabled":true,"_links":{"self":[{"href":"https:\/\/ppbhc.com\/de\/wp-json\/wp\/v2\/pages\/3","targetHints":{"allow":["GET"]}}],"collection":[{"href":"https:\/\/ppbhc.com\/de\/wp-json\/wp\/v2\/pages"}],"about":[{"href":"https:\/\/ppbhc.com\/de\/wp-json\/wp\/v2\/types\/page"}],"author":[{"embeddable":true,"href":"https:\/\/ppbhc.com\/de\/wp-json\/wp\/v2\/users\/37"}],"replies":[{"embeddable":true,"href":"https:\/\/ppbhc.com\/de\/wp-json\/wp\/v2\/comments?post=3"}],"version-history":[{"count":8,"href":"https:\/\/ppbhc.com\/de\/wp-json\/wp\/v2\/pages\/3\/revisions"}],"predecessor-version":[{"id":1703,"href":"https:\/\/ppbhc.com\/de\/wp-json\/wp\/v2\/pages\/3\/revisions\/1703"}],"wp:attachment":[{"href":"https:\/\/ppbhc.com\/de\/wp-json\/wp\/v2\/media?parent=3"}],"curies":[{"name":"wp","href":"https:\/\/api.w.org\/{rel}","templated":true}]}}