{"id":26,"date":"2023-03-15T13:42:37","date_gmt":"2023-03-15T12:42:37","guid":{"rendered":"http:\/\/wordpress2302135.home.pl\/ppbhc-robocza\/?page_id=26"},"modified":"2023-10-20T15:37:47","modified_gmt":"2023-10-20T13:37:47","slug":"partnerzy","status":"publish","type":"page","link":"https:\/\/ppbhc.com\/de\/partnerzy\/","title":{"rendered":"Partner"},"content":{"rendered":"<div data-elementor-type=\"wp-page\" data-elementor-id=\"26\" class=\"elementor elementor-26\">\n\t\t\t\t\t\t<section class=\"elementor-section elementor-top-section elementor-element elementor-element-e6cd787 elementor-section-boxed elementor-section-height-default elementor-section-height-default\" data-id=\"e6cd787\" data-element_type=\"section\" data-e-type=\"section\" data-settings=\"{&quot;background_background&quot;:&quot;classic&quot;}\">\n\t\t\t\t\t\t\t<div class=\"elementor-background-overlay\"><\/div>\n\t\t\t\t\t\t\t<div class=\"elementor-container elementor-column-gap-default\">\n\t\t\t\t\t<div class=\"elementor-column elementor-col-100 elementor-top-column elementor-element elementor-element-65e3888\" data-id=\"65e3888\" data-element_type=\"column\" data-e-type=\"column\">\n\t\t\t<div class=\"elementor-widget-wrap elementor-element-populated\">\n\t\t\t\t\t\t<div class=\"elementor-element elementor-element-ebf2c6d elementor-widget elementor-widget-heading\" data-id=\"ebf2c6d\" data-element_type=\"widget\" data-e-type=\"widget\" data-widget_type=\"heading.default\">\n\t\t\t\t<div class=\"elementor-widget-container\">\n\t\t\t\t\t<h5 class=\"elementor-heading-title elementor-size-default\">Artikel<\/h5>\t\t\t\t<\/div>\n\t\t\t\t<\/div>\n\t\t\t\t<div class=\"elementor-element elementor-element-a21ab05 elementor-widget elementor-widget-heading\" data-id=\"a21ab05\" data-element_type=\"widget\" data-e-type=\"widget\" data-widget_type=\"heading.default\">\n\t\t\t\t<div class=\"elementor-widget-container\">\n\t\t\t\t\t<h2 class=\"elementor-heading-title elementor-size-default\">Partner<\/h2>\t\t\t\t<\/div>\n\t\t\t\t<\/div>\n\t\t\t\t\t<\/div>\n\t\t<\/div>\n\t\t\t\t\t<\/div>\n\t\t<\/section>\n\t\t\t\t<section class=\"elementor-section elementor-top-section elementor-element elementor-element-7de68ea elementor-section-full_width elementor-section-height-default elementor-section-height-default\" data-id=\"7de68ea\" data-element_type=\"section\" data-e-type=\"section\">\n\t\t\t\t\t\t<div class=\"elementor-container elementor-column-gap-default\">\n\t\t\t\t\t<div class=\"elementor-column elementor-col-66 elementor-top-column elementor-element elementor-element-2d632db\" data-id=\"2d632db\" data-element_type=\"column\" data-e-type=\"column\">\n\t\t\t<div class=\"elementor-widget-wrap elementor-element-populated\">\n\t\t\t\t\t\t<div class=\"elementor-element elementor-element-dc25091 elementor-grid-eael-col-3 elementor-grid-tablet-eael-col-2 elementor-grid-mobile-eael-col-1 elementor-widget elementor-widget-eael-post-grid\" data-id=\"dc25091\" data-element_type=\"widget\" data-e-type=\"widget\" data-settings=\"{&quot;eael_post_grid_columns&quot;:&quot;eael-col-3&quot;,&quot;eael_post_grid_columns_tablet&quot;:&quot;eael-col-2&quot;,&quot;eael_post_grid_columns_mobile&quot;:&quot;eael-col-1&quot;}\" data-widget_type=\"eael-post-grid.default\">\n\t\t\t\t<div class=\"elementor-widget-container\">\n\t\t\t\t\t<div id=\"eael-post-grid-dc25091\" class=\"eael-post-grid-container\">\n            <div class=\"eael-post-grid eael-post-appender eael-post-appender-dc25091 eael-post-grid-style-three\" data-layout-mode=\"masonry\"><article class=\"eael-grid-post  eael-post-grid-column eael-pg-post-1097 category-partnerzy\" data-id=\"1097\">\n        <div class=\"eael-grid-post-holder\">\n            <div class=\"eael-grid-post-holder-inner\"><div class=\"eael-entry-media\"><div class=\"eael-entry-overlay slide-up\"><i class=\"far fa-eye\" aria-hidden=\"true\"><\/i><a href=\"https:\/\/ppbhc.com\/de\/pronoobiotics\/\"><\/a><\/div><div class=\"eael-entry-thumbnail eael-image-ratio\">\n                 <img fetchpriority=\"high\" decoding=\"async\" width=\"1200\" height=\"1200\" src=\"https:\/\/ppbhc.com\/wp-content\/uploads\/2023\/04\/Asset-1LOGO-gray.png\" class=\"attachment-full size-full wp-image-1162\" alt=\"\" srcset=\"https:\/\/ppbhc.com\/wp-content\/uploads\/2023\/04\/Asset-1LOGO-gray.png 1200w, https:\/\/ppbhc.com\/wp-content\/uploads\/2023\/04\/Asset-1LOGO-gray-300x300.png 300w, https:\/\/ppbhc.com\/wp-content\/uploads\/2023\/04\/Asset-1LOGO-gray-100x100.png 100w, https:\/\/ppbhc.com\/wp-content\/uploads\/2023\/04\/Asset-1LOGO-gray-900x900.png 900w, https:\/\/ppbhc.com\/wp-content\/uploads\/2023\/04\/Asset-1LOGO-gray-1024x1024.png 1024w, https:\/\/ppbhc.com\/wp-content\/uploads\/2023\/04\/Asset-1LOGO-gray-150x150.png 150w, https:\/\/ppbhc.com\/wp-content\/uploads\/2023\/04\/Asset-1LOGO-gray-768x768.png 768w\" sizes=\"(max-width: 1200px) 100vw, 1200px\" \/>\n             <\/div>\n        <\/div><div class=\"eael-entry-wrapper\"><header class=\"eael-entry-header\"><h2 class=\"eael-entry-title\"><a class=\"eael-grid-post-link\" href=\"https:\/\/ppbhc.com\/de\/pronoobiotics\/\" title=\"Pronoobiotika\">Pronoobiotika<\/a><\/h2><\/header><div class=\"eael-entry-meta\"><span class=\"eael-posted-by\"><a href=\"https:\/\/ppbhc.com\/de\/autor\/1324c616934ec263\/\" title=\"Posts by Piotr Kaczka\" rel=\"author\">Piotr Kaczka<\/a><\/span><span class=\"eael-posted-on\"><time datetime=\"2023-04-24\">2023-04-24<\/time><\/span><\/div><div class=\"eael-entry-content\">\n                        <div class=\"eael-grid-post-excerpt\"><p>Wir sind eine Gruppe von interdisziplin\u00e4ren, erfahrenen Forschern, Freunden, die Sie mit...<\/p><a href=\"https:\/\/ppbhc.com\/de\/pronoobiotics\/\" class=\"eael-post-elements-readmore-btn\">Mehr lesen<\/a><\/div>\n                    <\/div><\/div><\/div>\n        <\/div>\n    <\/article><\/div>\n            <div class=\"clearfix\"><\/div>\n        <\/div>\t\t\t\t<\/div>\n\t\t\t\t<\/div>\n\t\t\t\t\t<\/div>\n\t\t<\/div>\n\t\t\t\t<div class=\"elementor-column elementor-col-33 elementor-top-column elementor-element elementor-element-ecdef63 elementor-hidden-tablet elementor-hidden-mobile\" data-id=\"ecdef63\" data-element_type=\"column\" data-e-type=\"column\">\n\t\t\t<div class=\"elementor-widget-wrap elementor-element-populated\">\n\t\t\t\t\t\t<div class=\"elementor-element elementor-element-57d188c elementor-widget elementor-widget-image\" data-id=\"57d188c\" data-element_type=\"widget\" data-e-type=\"widget\" data-widget_type=\"image.default\">\n\t\t\t\t<div class=\"elementor-widget-container\">\n\t\t\t\t\t\t\t\t\t\t\t\t\t\t\t<img decoding=\"async\" width=\"921\" height=\"1104\" src=\"https:\/\/ppbhc.com\/wp-content\/uploads\/2023\/03\/ppbhc-hero-image-3840x2210-v2@1x-1-e1679397292962.png\" class=\"attachment-full size-full wp-image-714\" alt=\"\" srcset=\"https:\/\/ppbhc.com\/wp-content\/uploads\/2023\/03\/ppbhc-hero-image-3840x2210-v2@1x-1-e1679397292962.png 921w, https:\/\/ppbhc.com\/wp-content\/uploads\/2023\/03\/ppbhc-hero-image-3840x2210-v2@1x-1-e1679397292962-900x1079.png 900w, https:\/\/ppbhc.com\/wp-content\/uploads\/2023\/03\/ppbhc-hero-image-3840x2210-v2@1x-1-e1679397292962-250x300.png 250w, https:\/\/ppbhc.com\/wp-content\/uploads\/2023\/03\/ppbhc-hero-image-3840x2210-v2@1x-1-e1679397292962-854x1024.png 854w, https:\/\/ppbhc.com\/wp-content\/uploads\/2023\/03\/ppbhc-hero-image-3840x2210-v2@1x-1-e1679397292962-768x921.png 768w\" sizes=\"(max-width: 921px) 100vw, 921px\" \/>\t\t\t\t\t\t\t\t\t\t\t\t\t\t\t<\/div>\n\t\t\t\t<\/div>\n\t\t\t\t<div class=\"elementor-element elementor-element-b64e0e1 elementor-widget elementor-widget-text-editor\" data-id=\"b64e0e1\" data-element_type=\"widget\" data-e-type=\"widget\" data-widget_type=\"text-editor.default\">\n\t\t\t\t<div class=\"elementor-widget-container\">\n\t\t\t\t\t\t\t\t\t<p>Ich habe in Biophysik promoviert und verf\u00fcge \u00fcber eine fundierte Ausbildung im Bereich der klinischen und sportlichen Di\u00e4tetik.<br \/>Ich nutze die Wissenschaft, um die Gesundheit und das Leben meiner Patienten zu verbessern.<br \/><strong>Dr. (PhD, EMBA) Piotr Kaczka<\/strong><\/p>\t\t\t\t\t\t\t\t<\/div>\n\t\t\t\t<\/div>\n\t\t\t\t\t<\/div>\n\t\t<\/div>\n\t\t\t\t\t<\/div>\n\t\t<\/section>\n\t\t\t\t<section class=\"elementor-section elementor-top-section elementor-element elementor-element-ded6a53 elementor-section-full_width elementor-hidden-desktop elementor-hidden-laptop elementor-section-height-default elementor-section-height-default\" data-id=\"ded6a53\" data-element_type=\"section\" data-e-type=\"section\">\n\t\t\t\t\t\t<div class=\"elementor-container elementor-column-gap-default\">\n\t\t\t\t\t<div class=\"elementor-column elementor-col-100 elementor-top-column elementor-element elementor-element-f594f9d\" data-id=\"f594f9d\" data-element_type=\"column\" data-e-type=\"column\">\n\t\t\t<div class=\"elementor-widget-wrap elementor-element-populated\">\n\t\t\t\t\t\t<div class=\"elementor-element elementor-element-ba880e6 elementor-widget elementor-widget-image\" data-id=\"ba880e6\" data-element_type=\"widget\" data-e-type=\"widget\" data-widget_type=\"image.default\">\n\t\t\t\t<div class=\"elementor-widget-container\">\n\t\t\t\t\t\t\t\t\t\t\t\t\t\t\t<img decoding=\"async\" width=\"921\" height=\"1104\" src=\"https:\/\/ppbhc.com\/wp-content\/uploads\/2023\/03\/ppbhc-hero-image-3840x2210-v2@1x-1-e1679397292962.png\" class=\"attachment-full size-full wp-image-714\" alt=\"\" srcset=\"https:\/\/ppbhc.com\/wp-content\/uploads\/2023\/03\/ppbhc-hero-image-3840x2210-v2@1x-1-e1679397292962.png 921w, https:\/\/ppbhc.com\/wp-content\/uploads\/2023\/03\/ppbhc-hero-image-3840x2210-v2@1x-1-e1679397292962-900x1079.png 900w, https:\/\/ppbhc.com\/wp-content\/uploads\/2023\/03\/ppbhc-hero-image-3840x2210-v2@1x-1-e1679397292962-250x300.png 250w, https:\/\/ppbhc.com\/wp-content\/uploads\/2023\/03\/ppbhc-hero-image-3840x2210-v2@1x-1-e1679397292962-854x1024.png 854w, https:\/\/ppbhc.com\/wp-content\/uploads\/2023\/03\/ppbhc-hero-image-3840x2210-v2@1x-1-e1679397292962-768x921.png 768w\" sizes=\"(max-width: 921px) 100vw, 921px\" \/>\t\t\t\t\t\t\t\t\t\t\t\t\t\t\t<\/div>\n\t\t\t\t<\/div>\n\t\t\t\t<div class=\"elementor-element elementor-element-972581b elementor-widget elementor-widget-text-editor\" data-id=\"972581b\" data-element_type=\"widget\" data-e-type=\"widget\" data-widget_type=\"text-editor.default\">\n\t\t\t\t<div class=\"elementor-widget-container\">\n\t\t\t\t\t\t\t\t\t<p>Ich habe in Biophysik promoviert und verf\u00fcge \u00fcber eine fundierte Ausbildung im Bereich der klinischen und sportlichen Di\u00e4tetik.<br \/>Ich nutze die Wissenschaft, um die Gesundheit und das Leben meiner Patienten zu verbessern.<br \/><strong>Dr. (PhD, EMBA) Piotr Kaczka<\/strong><\/p>\t\t\t\t\t\t\t\t<\/div>\n\t\t\t\t<\/div>\n\t\t\t\t\t<\/div>\n\t\t<\/div>\n\t\t\t\t\t<\/div>\n\t\t<\/section>\n\t\t\t\t<\/div>","protected":false},"excerpt":{"rendered":"<p>Artikel Partner Pronoobiotics Piotr Kaczka2023-04-24 Wir sind eine Gruppe von interdisziplin\u00e4ren erfahrenen Wissenschaftlern, Freunden, die Ihnen... Mehr lesen Ich bin Doktor der Biophysik mit einer fundierten Ausbildung im Bereich der klinischen und Sportern\u00e4hrung und nutze die Wissenschaft, um die Gesundheit und das Leben meiner Patienten zu verbessern.Dr. (PhD, EMBA) Piotr Kaczka Ich bin Doktor der Biophysik mit einer fundierten Ausbildung...<\/p>","protected":false},"author":37,"featured_media":0,"parent":0,"menu_order":0,"comment_status":"closed","ping_status":"closed","template":"","meta":{"_kad_post_transparent":"","_kad_post_title":"hide","_kad_post_layout":"fullwidth","_kad_post_sidebar_id":"","_kad_post_content_style":"unboxed","_kad_post_vertical_padding":"hide","_kad_post_feature":"hide","_kad_post_feature_position":"","_kad_post_header":false,"_kad_post_footer":false,"_kad_post_classname":"","footnotes":""},"class_list":["post-26","page","type-page","status-publish","hentry"],"jetpack_sharing_enabled":true,"_links":{"self":[{"href":"https:\/\/ppbhc.com\/de\/wp-json\/wp\/v2\/pages\/26","targetHints":{"allow":["GET"]}}],"collection":[{"href":"https:\/\/ppbhc.com\/de\/wp-json\/wp\/v2\/pages"}],"about":[{"href":"https:\/\/ppbhc.com\/de\/wp-json\/wp\/v2\/types\/page"}],"author":[{"embeddable":true,"href":"https:\/\/ppbhc.com\/de\/wp-json\/wp\/v2\/users\/37"}],"replies":[{"embeddable":true,"href":"https:\/\/ppbhc.com\/de\/wp-json\/wp\/v2\/comments?post=26"}],"version-history":[{"count":52,"href":"https:\/\/ppbhc.com\/de\/wp-json\/wp\/v2\/pages\/26\/revisions"}],"predecessor-version":[{"id":3556,"href":"https:\/\/ppbhc.com\/de\/wp-json\/wp\/v2\/pages\/26\/revisions\/3556"}],"wp:attachment":[{"href":"https:\/\/ppbhc.com\/de\/wp-json\/wp\/v2\/media?parent=26"}],"curies":[{"name":"wp","href":"https:\/\/api.w.org\/{rel}","templated":true}]}}