{"id":2105,"date":"2023-06-29T10:49:05","date_gmt":"2023-06-29T08:49:05","guid":{"rendered":"https:\/\/ppbhc.com\/?page_id=2105"},"modified":"2023-10-03T15:22:16","modified_gmt":"2023-10-03T13:22:16","slug":"nasze-akcje-charytatywne","status":"publish","type":"page","link":"https:\/\/ppbhc.com\/de\/nasze-akcje-charytatywne\/","title":{"rendered":"Unsere Wohlt\u00e4tigkeitsorganisationen"},"content":{"rendered":"<div data-elementor-type=\"wp-page\" data-elementor-id=\"2105\" class=\"elementor elementor-2105\">\n\t\t\t\t\t\t<section class=\"elementor-section elementor-top-section elementor-element elementor-element-0e2622d elementor-section-boxed elementor-section-height-default elementor-section-height-default\" data-id=\"0e2622d\" data-element_type=\"section\" data-e-type=\"section\" data-settings=\"{&quot;background_background&quot;:&quot;classic&quot;}\">\n\t\t\t\t\t\t\t<div class=\"elementor-background-overlay\"><\/div>\n\t\t\t\t\t\t\t<div class=\"elementor-container elementor-column-gap-default\">\n\t\t\t\t\t<div class=\"elementor-column elementor-col-100 elementor-top-column elementor-element elementor-element-cc9f423\" data-id=\"cc9f423\" data-element_type=\"column\" data-e-type=\"column\">\n\t\t\t<div class=\"elementor-widget-wrap elementor-element-populated\">\n\t\t\t\t\t\t<div class=\"elementor-element elementor-element-b1e55e5 elementor-widget elementor-widget-heading\" data-id=\"b1e55e5\" data-element_type=\"widget\" data-e-type=\"widget\" data-widget_type=\"heading.default\">\n\t\t\t\t<div class=\"elementor-widget-container\">\n\t\t\t\t\t<h5 class=\"elementor-heading-title elementor-size-default\">Artikel<\/h5>\t\t\t\t<\/div>\n\t\t\t\t<\/div>\n\t\t\t\t<div class=\"elementor-element elementor-element-19084ea elementor-widget elementor-widget-heading\" data-id=\"19084ea\" data-element_type=\"widget\" data-e-type=\"widget\" data-widget_type=\"heading.default\">\n\t\t\t\t<div class=\"elementor-widget-container\">\n\t\t\t\t\t<h2 class=\"elementor-heading-title elementor-size-default\">Unsere Wohlt\u00e4tigkeitsorganisationen<\/h2>\t\t\t\t<\/div>\n\t\t\t\t<\/div>\n\t\t\t\t\t<\/div>\n\t\t<\/div>\n\t\t\t\t\t<\/div>\n\t\t<\/section>\n\t\t\t\t<section class=\"elementor-section elementor-top-section elementor-element elementor-element-2a3c094 elementor-section-full_width elementor-section-height-default elementor-section-height-default\" data-id=\"2a3c094\" data-element_type=\"section\" data-e-type=\"section\">\n\t\t\t\t\t\t<div class=\"elementor-container elementor-column-gap-default\">\n\t\t\t\t\t<div class=\"elementor-column elementor-col-66 elementor-top-column elementor-element elementor-element-88a5243\" data-id=\"88a5243\" data-element_type=\"column\" data-e-type=\"column\">\n\t\t\t<div class=\"elementor-widget-wrap elementor-element-populated\">\n\t\t\t\t\t\t<div class=\"elementor-element elementor-element-3ae0773 elementor-grid-eael-col-3 elementor-grid-tablet-eael-col-2 elementor-grid-mobile-eael-col-1 elementor-widget elementor-widget-eael-post-grid\" data-id=\"3ae0773\" data-element_type=\"widget\" data-e-type=\"widget\" data-settings=\"{&quot;eael_post_grid_columns&quot;:&quot;eael-col-3&quot;,&quot;eael_post_grid_columns_tablet&quot;:&quot;eael-col-2&quot;,&quot;eael_post_grid_columns_mobile&quot;:&quot;eael-col-1&quot;}\" data-widget_type=\"eael-post-grid.default\">\n\t\t\t\t<div class=\"elementor-widget-container\">\n\t\t\t\t\t<div id=\"eael-post-grid-3ae0773\" class=\"eael-post-grid-container\">\n            <div class=\"eael-post-grid eael-post-appender eael-post-appender-3ae0773 eael-post-grid-style-three\" data-layout-mode=\"masonry\"><article class=\"eael-grid-post  eael-post-grid-column eael-pg-post-2158 category-charytatywne\" data-id=\"2158\">\n        <div class=\"eael-grid-post-holder\">\n            <div class=\"eael-grid-post-holder-inner\"><div class=\"eael-entry-media\"><div class=\"eael-entry-overlay slide-up\"><i class=\"far fa-eye\" aria-hidden=\"true\"><\/i><a href=\"https:\/\/ppbhc.com\/de\/31-final-wosp-8-02-2023\/\"><\/a><\/div><div class=\"eael-entry-thumbnail\">\n                 <img fetchpriority=\"high\" decoding=\"async\" width=\"1080\" height=\"1080\" src=\"https:\/\/ppbhc.com\/wp-content\/uploads\/2023\/07\/327973512_1281561005724656_907930190179570110_n.webp\" class=\"attachment-full size-full wp-image-2149\" alt=\"\" srcset=\"https:\/\/ppbhc.com\/wp-content\/uploads\/2023\/07\/327973512_1281561005724656_907930190179570110_n.webp 1080w, https:\/\/ppbhc.com\/wp-content\/uploads\/2023\/07\/327973512_1281561005724656_907930190179570110_n-300x300.webp 300w, https:\/\/ppbhc.com\/wp-content\/uploads\/2023\/07\/327973512_1281561005724656_907930190179570110_n-100x100.webp 100w, https:\/\/ppbhc.com\/wp-content\/uploads\/2023\/07\/327973512_1281561005724656_907930190179570110_n-900x900.webp 900w, https:\/\/ppbhc.com\/wp-content\/uploads\/2023\/07\/327973512_1281561005724656_907930190179570110_n-1024x1024.webp 1024w, https:\/\/ppbhc.com\/wp-content\/uploads\/2023\/07\/327973512_1281561005724656_907930190179570110_n-150x150.webp 150w, https:\/\/ppbhc.com\/wp-content\/uploads\/2023\/07\/327973512_1281561005724656_907930190179570110_n-768x768.webp 768w, https:\/\/ppbhc.com\/wp-content\/uploads\/2023\/07\/327973512_1281561005724656_907930190179570110_n-12x12.webp 12w\" sizes=\"(max-width: 1080px) 100vw, 1080px\" \/>\n             <\/div>\n        <\/div><div class=\"eael-entry-wrapper\"><header class=\"eael-entry-header\"><h2 class=\"eael-entry-title\"><a class=\"eael-grid-post-link\" href=\"https:\/\/ppbhc.com\/de\/31-final-wosp-8-02-2023\/\" title=\"31. WOSP Finale 8.02.2023\">31. WOSP Finale 8.02.2023<\/a><\/h2><\/header><div class=\"eael-entry-meta\"><span class=\"eael-posted-by\"><a href=\"https:\/\/ppbhc.com\/de\/autor\/1324c616934ec263\/\" title=\"Posts by Piotr Kaczka\" rel=\"author\">Piotr Kaczka<\/a><\/span><span class=\"eael-posted-on\"><time datetime=\"2023-07-05\">2023-07-05<\/time><\/span><\/div><div class=\"eael-entry-content\">\n                        <div class=\"eael-grid-post-excerpt\"><p>Wir hei\u00dfen Sie herzlich willkommen! Das diesj\u00e4hrige Thema f\u00fcr das GOCC-Finale hat eine Schlacht ausgerufen ...<\/p><a href=\"https:\/\/ppbhc.com\/de\/31-final-wosp-8-02-2023\/\" class=\"eael-post-elements-readmore-btn\">Mehr lesen<\/a><\/div>\n                    <\/div><\/div><\/div>\n        <\/div>\n    <\/article><article class=\"eael-grid-post  eael-post-grid-column eael-pg-post-2148 category-charytatywne\" data-id=\"2148\">\n        <div class=\"eael-grid-post-holder\">\n            <div class=\"eael-grid-post-holder-inner\"><div class=\"eael-entry-media\"><div class=\"eael-entry-overlay slide-up\"><i class=\"far fa-eye\" aria-hidden=\"true\"><\/i><a href=\"https:\/\/ppbhc.com\/de\/siepomaga-pola-matuszek-19-01-2023-akcja-charytatywna\/\"><\/a><\/div><div class=\"eael-entry-thumbnail\">\n                 <img decoding=\"async\" width=\"621\" height=\"621\" src=\"https:\/\/ppbhc.com\/wp-content\/uploads\/2023\/07\/Screenshot_92.webp\" class=\"attachment-full size-full wp-image-2150\" alt=\"\" srcset=\"https:\/\/ppbhc.com\/wp-content\/uploads\/2023\/07\/Screenshot_92.webp 621w, https:\/\/ppbhc.com\/wp-content\/uploads\/2023\/07\/Screenshot_92-300x300.webp 300w, https:\/\/ppbhc.com\/wp-content\/uploads\/2023\/07\/Screenshot_92-100x100.webp 100w, https:\/\/ppbhc.com\/wp-content\/uploads\/2023\/07\/Screenshot_92-600x600.webp 600w, https:\/\/ppbhc.com\/wp-content\/uploads\/2023\/07\/Screenshot_92-150x150.webp 150w, https:\/\/ppbhc.com\/wp-content\/uploads\/2023\/07\/Screenshot_92-12x12.webp 12w\" sizes=\"(max-width: 621px) 100vw, 621px\" \/>\n             <\/div>\n        <\/div><div class=\"eael-entry-wrapper\"><header class=\"eael-entry-header\"><h2 class=\"eael-entry-title\"><a class=\"eael-grid-post-link\" href=\"https:\/\/ppbhc.com\/de\/siepomaga-pola-matuszek-19-01-2023-akcja-charytatywna\/\" title=\"SiePomaga Pola Matuszek 19.01.2023 - Wohlt\u00e4tigkeitsaktion\">SiePomaga Pola Matuszek 19.01.2023 - Wohlt\u00e4tigkeitsaktion<\/a><\/h2><\/header><div class=\"eael-entry-meta\"><span class=\"eael-posted-by\"><a href=\"https:\/\/ppbhc.com\/de\/autor\/1324c616934ec263\/\" title=\"Posts by Piotr Kaczka\" rel=\"author\">Piotr Kaczka<\/a><\/span><span class=\"eael-posted-on\"><time datetime=\"2023-07-05\">2023-07-05<\/time><\/span><\/div><div class=\"eael-entry-content\">\n                        <div class=\"eael-grid-post-excerpt\"><p>DER GEWINNER DER VERSTEIGERUNG F\u00dcR POLA WAR MATEUSZ FALECKI Ich m\u00f6chte mich bei Ihnen allen bedanken...<\/p><a href=\"https:\/\/ppbhc.com\/de\/siepomaga-pola-matuszek-19-01-2023-akcja-charytatywna\/\" class=\"eael-post-elements-readmore-btn\">Mehr lesen<\/a><\/div>\n                    <\/div><\/div><\/div>\n        <\/div>\n    <\/article><\/div>\n            <div class=\"clearfix\"><\/div>\n        <\/div>\t\t\t\t<\/div>\n\t\t\t\t<\/div>\n\t\t\t\t\t<\/div>\n\t\t<\/div>\n\t\t\t\t<div class=\"elementor-column elementor-col-33 elementor-top-column elementor-element elementor-element-2009378 elementor-hidden-tablet elementor-hidden-mobile\" data-id=\"2009378\" data-element_type=\"column\" data-e-type=\"column\">\n\t\t\t<div class=\"elementor-widget-wrap elementor-element-populated\">\n\t\t\t\t\t\t<div class=\"elementor-element elementor-element-9d32d5f elementor-widget elementor-widget-image\" data-id=\"9d32d5f\" data-element_type=\"widget\" data-e-type=\"widget\" data-widget_type=\"image.default\">\n\t\t\t\t<div class=\"elementor-widget-container\">\n\t\t\t\t\t\t\t\t\t\t\t\t\t\t\t<img decoding=\"async\" width=\"921\" height=\"1104\" src=\"https:\/\/ppbhc.com\/wp-content\/uploads\/2023\/03\/ppbhc-hero-image-3840x2210-v2@1x-1-e1679397292962.png\" class=\"attachment-full size-full wp-image-714\" alt=\"\" srcset=\"https:\/\/ppbhc.com\/wp-content\/uploads\/2023\/03\/ppbhc-hero-image-3840x2210-v2@1x-1-e1679397292962.png 921w, https:\/\/ppbhc.com\/wp-content\/uploads\/2023\/03\/ppbhc-hero-image-3840x2210-v2@1x-1-e1679397292962-900x1079.png 900w, https:\/\/ppbhc.com\/wp-content\/uploads\/2023\/03\/ppbhc-hero-image-3840x2210-v2@1x-1-e1679397292962-250x300.png 250w, https:\/\/ppbhc.com\/wp-content\/uploads\/2023\/03\/ppbhc-hero-image-3840x2210-v2@1x-1-e1679397292962-854x1024.png 854w, https:\/\/ppbhc.com\/wp-content\/uploads\/2023\/03\/ppbhc-hero-image-3840x2210-v2@1x-1-e1679397292962-768x921.png 768w\" sizes=\"(max-width: 921px) 100vw, 921px\" \/>\t\t\t\t\t\t\t\t\t\t\t\t\t\t\t<\/div>\n\t\t\t\t<\/div>\n\t\t\t\t<div class=\"elementor-element elementor-element-25f1dd3 elementor-widget elementor-widget-text-editor\" data-id=\"25f1dd3\" data-element_type=\"widget\" data-e-type=\"widget\" data-widget_type=\"text-editor.default\">\n\t\t\t\t<div class=\"elementor-widget-container\">\n\t\t\t\t\t\t\t\t\t<p>Ich habe in Biophysik promoviert und verf\u00fcge \u00fcber eine fundierte Ausbildung im Bereich der klinischen und sportlichen Di\u00e4tetik.<br \/>Ich nutze die Wissenschaft, um die Gesundheit und das Leben meiner Patienten zu verbessern.<br \/><strong>Dr. (PhD<b>EMBA<\/b>) Piotr Kaczka<\/strong><\/p>\t\t\t\t\t\t\t\t<\/div>\n\t\t\t\t<\/div>\n\t\t\t\t\t<\/div>\n\t\t<\/div>\n\t\t\t\t\t<\/div>\n\t\t<\/section>\n\t\t\t\t<section class=\"elementor-section elementor-top-section elementor-element elementor-element-b2b66cc elementor-section-full_width elementor-hidden-desktop elementor-hidden-laptop elementor-section-height-default elementor-section-height-default\" data-id=\"b2b66cc\" data-element_type=\"section\" data-e-type=\"section\">\n\t\t\t\t\t\t<div class=\"elementor-container elementor-column-gap-default\">\n\t\t\t\t\t<div class=\"elementor-column elementor-col-100 elementor-top-column elementor-element elementor-element-fdc1afd\" data-id=\"fdc1afd\" data-element_type=\"column\" data-e-type=\"column\">\n\t\t\t<div class=\"elementor-widget-wrap elementor-element-populated\">\n\t\t\t\t\t\t<div class=\"elementor-element elementor-element-85b1c59 elementor-widget elementor-widget-image\" data-id=\"85b1c59\" data-element_type=\"widget\" data-e-type=\"widget\" data-widget_type=\"image.default\">\n\t\t\t\t<div class=\"elementor-widget-container\">\n\t\t\t\t\t\t\t\t\t\t\t\t\t\t\t<img decoding=\"async\" width=\"921\" height=\"1104\" src=\"https:\/\/ppbhc.com\/wp-content\/uploads\/2023\/03\/ppbhc-hero-image-3840x2210-v2@1x-1-e1679397292962.png\" class=\"attachment-full size-full wp-image-714\" alt=\"\" srcset=\"https:\/\/ppbhc.com\/wp-content\/uploads\/2023\/03\/ppbhc-hero-image-3840x2210-v2@1x-1-e1679397292962.png 921w, https:\/\/ppbhc.com\/wp-content\/uploads\/2023\/03\/ppbhc-hero-image-3840x2210-v2@1x-1-e1679397292962-900x1079.png 900w, https:\/\/ppbhc.com\/wp-content\/uploads\/2023\/03\/ppbhc-hero-image-3840x2210-v2@1x-1-e1679397292962-250x300.png 250w, https:\/\/ppbhc.com\/wp-content\/uploads\/2023\/03\/ppbhc-hero-image-3840x2210-v2@1x-1-e1679397292962-854x1024.png 854w, https:\/\/ppbhc.com\/wp-content\/uploads\/2023\/03\/ppbhc-hero-image-3840x2210-v2@1x-1-e1679397292962-768x921.png 768w\" sizes=\"(max-width: 921px) 100vw, 921px\" \/>\t\t\t\t\t\t\t\t\t\t\t\t\t\t\t<\/div>\n\t\t\t\t<\/div>\n\t\t\t\t<div class=\"elementor-element elementor-element-d731c75 elementor-widget elementor-widget-text-editor\" data-id=\"d731c75\" data-element_type=\"widget\" data-e-type=\"widget\" data-widget_type=\"text-editor.default\">\n\t\t\t\t<div class=\"elementor-widget-container\">\n\t\t\t\t\t\t\t\t\t<p>Ich habe in Biophysik promoviert und verf\u00fcge \u00fcber eine fundierte Ausbildung im Bereich der klinischen und sportlichen Di\u00e4tetik.<br \/>Ich nutze die Wissenschaft, um die Gesundheit und das Leben meiner Patienten zu verbessern.<br \/><strong>Dr. (PhD<b>EMBA<\/b>) Piotr Kaczka<\/strong><\/p>\t\t\t\t\t\t\t\t<\/div>\n\t\t\t\t<\/div>\n\t\t\t\t\t<\/div>\n\t\t<\/div>\n\t\t\t\t\t<\/div>\n\t\t<\/section>\n\t\t\t\t<\/div>","protected":false},"excerpt":{"rendered":"<p>Artikel Unsere Charity-Aktionen 31. WO\u015aP Finale 8.02.2023 Piotr Kaczka2023-07-05 Herzlich willkommen! Das diesj\u00e4hrige Thema des Gro\u00dfen Orchesters der Weihnachts-Charity... Lesen Sie mehr SiePomagna Pola Matuszek 19.01.2023 - Charity-Aktion Piotr Kaczka2023-07-05 DER GEWINNER DER VERSTEIGERUNG F\u00dcR POLA HAT MATEUSZ FALECKI Ich m\u00f6chte mich bei Ihnen allen bedanken... Lesen Sie mehr Ich bin Doktor der biologischen Wissenschaften in Biophysik mit vertiefter Ausbildung auf dem Gebiet der...<\/p>","protected":false},"author":2,"featured_media":0,"parent":0,"menu_order":0,"comment_status":"closed","ping_status":"closed","template":"","meta":{"_kad_post_transparent":"","_kad_post_title":"hide","_kad_post_layout":"fullwidth","_kad_post_sidebar_id":"","_kad_post_content_style":"unboxed","_kad_post_vertical_padding":"hide","_kad_post_feature":"hide","_kad_post_feature_position":"","_kad_post_header":false,"_kad_post_footer":false,"_kad_post_classname":"","footnotes":""},"class_list":["post-2105","page","type-page","status-publish","hentry"],"jetpack_sharing_enabled":true,"_links":{"self":[{"href":"https:\/\/ppbhc.com\/de\/wp-json\/wp\/v2\/pages\/2105","targetHints":{"allow":["GET"]}}],"collection":[{"href":"https:\/\/ppbhc.com\/de\/wp-json\/wp\/v2\/pages"}],"about":[{"href":"https:\/\/ppbhc.com\/de\/wp-json\/wp\/v2\/types\/page"}],"author":[{"embeddable":true,"href":"https:\/\/ppbhc.com\/de\/wp-json\/wp\/v2\/users\/2"}],"replies":[{"embeddable":true,"href":"https:\/\/ppbhc.com\/de\/wp-json\/wp\/v2\/comments?post=2105"}],"version-history":[{"count":10,"href":"https:\/\/ppbhc.com\/de\/wp-json\/wp\/v2\/pages\/2105\/revisions"}],"predecessor-version":[{"id":3043,"href":"https:\/\/ppbhc.com\/de\/wp-json\/wp\/v2\/pages\/2105\/revisions\/3043"}],"wp:attachment":[{"href":"https:\/\/ppbhc.com\/de\/wp-json\/wp\/v2\/media?parent=2105"}],"curies":[{"name":"wp","href":"https:\/\/api.w.org\/{rel}","templated":true}]}}